{"id":6207,"date":"2021-09-07T09:12:29","date_gmt":"2021-09-07T07:12:29","guid":{"rendered":"https:\/\/soflab.pl\/centrum-testow-oprogramowania\/"},"modified":"2024-03-07T15:50:09","modified_gmt":"2024-03-07T14:50:09","slug":"tcoe","status":"publish","type":"page","link":"https:\/\/soflab.pl\/en\/tcoe\/","title":{"rendered":"TCoE"},"content":{"rendered":"\n[et_pb_section fb_built=&#8221;1&#8243; _builder_version=&#8221;4.9.10&#8243; _module_preset=&#8221;default&#8221;][et_pb_row _builder_version=&#8221;4.9.10&#8243; _module_preset=&#8221;default&#8221;][et_pb_column type=&#8221;4_4&#8243; _builder_version=&#8221;4.9.10&#8243; _module_preset=&#8221;default&#8221;][et_pb_text _builder_version=&#8221;4.9.10&#8243; _module_preset=&#8221;default&#8221; border_width_bottom=&#8221;1px&#8221; border_color_bottom=&#8221;#b2bbbf&#8221;]<span style=\"font-size: xx-large; color: #6c6c6c;\"><strong>TEST CENTRE OF EXCELLENCE<\/strong><\/span>[\/et_pb_text][\/et_pb_column][\/et_pb_row][et_pb_row column_structure=&#8221;1_2,1_2&#8243; _builder_version=&#8221;4.9.10&#8243; _module_preset=&#8221;default&#8221; border_width_bottom=&#8221;1px&#8221; border_color_bottom=&#8221;#ededed&#8221;][et_pb_column type=&#8221;1_2&#8243; _builder_version=&#8221;4.9.10&#8243; _module_preset=&#8221;default&#8221;][et_pb_text _builder_version=&#8221;4.9.10&#8243; _module_preset=&#8221;default&#8221;]<h1><span style=\"color: #f26522;\">At the Test Centre of Excellence we provide our services in the remote model<\/span><\/h1>\n<p><span><\/span><\/p>\n<p><span>The top quality of our work and the experience gained during projects implemented outside of client&#8217;s locations make us confident that you get a great alternative to traditional \u2018on site\u2019 projects.<\/span><\/p>\n<p><span>We know the factors that determine the success of IT projects are the delivery time, the quality and transparency of services, good communication and optimal costs. These values are the foundations of the Soflab Technology Test Centre of Excellence.<\/span><\/p>\n<p><span>Our geographical location and organisation allow us to work for clients both in Poland, EU and around the world. The Test Centre of Excellence is located in the Millennium Plaza building on Plac Zawiszy in Warsaw. The office has been specially designed so that many groups can work simultaneously for different clients whose projects are confidential, or work on sensitive data. At the Test Centre of Excellence we also have regulations, safety procedures, staff training and workstations that have been prepared and implemented in accordance with the requirements of ISO 27001.<\/span><\/p>[\/et_pb_text][\/et_pb_column][et_pb_column type=&#8221;1_2&#8243; _builder_version=&#8221;4.9.10&#8243; _module_preset=&#8221;default&#8221;][et_pb_image src=&#8221;https:\/\/soflab.pl\/wp-content\/uploads\/2021\/08\/cto.jpg&#8221; title_text=&#8221;cto&#8221; _builder_version=&#8221;4.9.10&#8243; _module_preset=&#8221;default&#8221;][\/et_pb_image][\/et_pb_column][\/et_pb_row][et_pb_row column_structure=&#8221;1_2,1_2&#8243; _builder_version=&#8221;4.9.10&#8243; _module_preset=&#8221;default&#8221; border_color_bottom=&#8221;#ededed&#8221;][et_pb_column type=&#8221;1_2&#8243; _builder_version=&#8221;4.9.10&#8243; _module_preset=&#8221;default&#8221;][et_pb_text _builder_version=&#8221;4.9.10&#8243; _module_preset=&#8221;default&#8221;]<h1><span style=\"color: #f26522;\">Our remote services<br \/><\/span><\/h1>\n<p>&nbsp;<\/p>\n<p>Here are the benefits for our clients:<\/p>\n<ul class=\"cq-list\">\n<li>Constant availability of our test team; no costs of downtime<\/li>\n<li>Availability of Soflab experts and specialists for companies from all of Poland and abroad<\/li>\n<li>No logistic difficulties related to an external team&#8217;s adaptation<\/li>\n<li>Professional testing services available for smaller organisations and companies<\/li>\n<li>Opportunity to build a dedicated test environment<\/li>\n<li>Guaranteed security of sensitive client data<\/li>\n<\/ul>\n<p>Feel free to browse our Services Catalogue, and contact us by e-mail or phone.<\/p>\n<ul class=\"cq-list\"><\/ul>[\/et_pb_text][\/et_pb_column][et_pb_column type=&#8221;1_2&#8243; _builder_version=&#8221;4.9.10&#8243; _module_preset=&#8221;default&#8221;][et_pb_image src=&#8221;https:\/\/soflab.pl\/wp-content\/uploads\/2021\/08\/cto-1.jpg&#8221; title_text=&#8221;cto (1)&#8221; _builder_version=&#8221;4.9.10&#8243; _module_preset=&#8221;default&#8221; module_alignment=&#8221;center&#8221; custom_padding=&#8221;80px||80px||true|false&#8221;][\/et_pb_image][\/et_pb_column][\/et_pb_row][\/et_pb_section]\n","protected":false},"excerpt":{"rendered":"<p>TEST CENTRE OF EXCELLENCEAt the Test Centre of Excellence we provide our services in the remote model The top quality of our work and the experience gained during projects implemented outside of client&#8217;s locations make us confident that you get a great alternative to traditional \u2018on site\u2019 projects. We know the factors that determine the [&hellip;]<\/p>\n","protected":false},"author":23,"featured_media":0,"parent":0,"menu_order":0,"comment_status":"closed","ping_status":"closed","template":"","meta":{"_et_pb_use_builder":"on","_et_pb_old_content":"","_et_gb_content_width":"","footnotes":""},"class_list":["post-6207","page","type-page","status-publish","hentry"],"yoast_head":"<!-- This site is optimized with the Yoast SEO plugin v27.4 - https:\/\/yoast.com\/product\/yoast-seo-wordpress\/ -->\n<title>TCoE | Soflab Technology<\/title>\n<meta name=\"description\" content=\"Soflab to firma zajmuj\u0105ca si\u0119 przeprowadzaniem profesjonalnych test\u00f3w oprogramowania i zapewnieniem jako\u015bci system\u00f3w. Wybierz us\u0142ugi najlepszej jako\u015bci!\" \/>\n<meta name=\"robots\" content=\"index, follow, max-snippet:-1, max-image-preview:large, max-video-preview:-1\" \/>\n<link rel=\"canonical\" href=\"https:\/\/soflab.pl\/en\/tcoe\/\" \/>\n<meta property=\"og:locale\" content=\"en_US\" \/>\n<meta property=\"og:type\" content=\"article\" \/>\n<meta property=\"og:title\" content=\"TCoE | Soflab Technology\" \/>\n<meta property=\"og:description\" content=\"Soflab to firma zajmuj\u0105ca si\u0119 przeprowadzaniem profesjonalnych test\u00f3w oprogramowania i zapewnieniem jako\u015bci system\u00f3w. Wybierz us\u0142ugi najlepszej jako\u015bci!\" \/>\n<meta property=\"og:url\" content=\"https:\/\/soflab.pl\/en\/tcoe\/\" \/>\n<meta property=\"og:site_name\" content=\"Soflab\" \/>\n<meta property=\"article:publisher\" content=\"https:\/\/www.facebook.com\/SoflabTechnology\" \/>\n<meta property=\"article:modified_time\" content=\"2024-03-07T14:50:09+00:00\" \/>\n<meta name=\"twitter:card\" content=\"summary_large_image\" \/>\n<meta name=\"twitter:label1\" content=\"Est. reading time\" \/>\n\t<meta name=\"twitter:data1\" content=\"2 minutes\" \/>\n<script type=\"application\/ld+json\" class=\"yoast-schema-graph\">{\"@context\":\"https:\\\/\\\/schema.org\",\"@graph\":[{\"@type\":\"WebPage\",\"@id\":\"https:\\\/\\\/soflab.pl\\\/en\\\/tcoe\\\/\",\"url\":\"https:\\\/\\\/soflab.pl\\\/en\\\/tcoe\\\/\",\"name\":\"TCoE | Soflab Technology\",\"isPartOf\":{\"@id\":\"https:\\\/\\\/soflab.pl\\\/en\\\/#website\"},\"datePublished\":\"2021-09-07T07:12:29+00:00\",\"dateModified\":\"2024-03-07T14:50:09+00:00\",\"description\":\"Soflab to firma zajmuj\u0105ca si\u0119 przeprowadzaniem profesjonalnych test\u00f3w oprogramowania i zapewnieniem jako\u015bci system\u00f3w. Wybierz us\u0142ugi najlepszej jako\u015bci!\",\"breadcrumb\":{\"@id\":\"https:\\\/\\\/soflab.pl\\\/en\\\/tcoe\\\/#breadcrumb\"},\"inLanguage\":\"en-US\",\"potentialAction\":[{\"@type\":\"ReadAction\",\"target\":[\"https:\\\/\\\/soflab.pl\\\/en\\\/tcoe\\\/\"]}]},{\"@type\":\"BreadcrumbList\",\"@id\":\"https:\\\/\\\/soflab.pl\\\/en\\\/tcoe\\\/#breadcrumb\",\"itemListElement\":[{\"@type\":\"ListItem\",\"position\":1,\"name\":\"Strona g\u0142\u00f3wna\",\"item\":\"https:\\\/\\\/soflab.pl\\\/en\\\/\"},{\"@type\":\"ListItem\",\"position\":2,\"name\":\"TCoE\"}]},{\"@type\":\"WebSite\",\"@id\":\"https:\\\/\\\/soflab.pl\\\/en\\\/#website\",\"url\":\"https:\\\/\\\/soflab.pl\\\/en\\\/\",\"name\":\"Soflab\",\"description\":\"Soflab QA &amp; Testing\",\"publisher\":{\"@id\":\"https:\\\/\\\/soflab.pl\\\/en\\\/#organization\"},\"potentialAction\":[{\"@type\":\"SearchAction\",\"target\":{\"@type\":\"EntryPoint\",\"urlTemplate\":\"https:\\\/\\\/soflab.pl\\\/en\\\/?s={search_term_string}\"},\"query-input\":{\"@type\":\"PropertyValueSpecification\",\"valueRequired\":true,\"valueName\":\"search_term_string\"}}],\"inLanguage\":\"en-US\"},{\"@type\":\"Organization\",\"@id\":\"https:\\\/\\\/soflab.pl\\\/en\\\/#organization\",\"name\":\"Soflab\",\"url\":\"https:\\\/\\\/soflab.pl\\\/en\\\/\",\"logo\":{\"@type\":\"ImageObject\",\"inLanguage\":\"en-US\",\"@id\":\"https:\\\/\\\/soflab.pl\\\/en\\\/#\\\/schema\\\/logo\\\/image\\\/\",\"url\":\"https:\\\/\\\/soflab.pl\\\/wp-content\\\/uploads\\\/2021\\\/08\\\/logo-soflab.png\",\"contentUrl\":\"https:\\\/\\\/soflab.pl\\\/wp-content\\\/uploads\\\/2021\\\/08\\\/logo-soflab.png\",\"width\":171,\"height\":35,\"caption\":\"Soflab\"},\"image\":{\"@id\":\"https:\\\/\\\/soflab.pl\\\/en\\\/#\\\/schema\\\/logo\\\/image\\\/\"},\"sameAs\":[\"https:\\\/\\\/www.facebook.com\\\/SoflabTechnology\",\"https:\\\/\\\/www.linkedin.com\\\/company\\\/soflab-technology-sp--z-o-o-\"]}]}<\/script>\n<!-- \/ Yoast SEO plugin. -->","yoast_head_json":{"title":"TCoE | Soflab Technology","description":"Soflab to firma zajmuj\u0105ca si\u0119 przeprowadzaniem profesjonalnych test\u00f3w oprogramowania i zapewnieniem jako\u015bci system\u00f3w. Wybierz us\u0142ugi najlepszej jako\u015bci!","robots":{"index":"index","follow":"follow","max-snippet":"max-snippet:-1","max-image-preview":"max-image-preview:large","max-video-preview":"max-video-preview:-1"},"canonical":"https:\/\/soflab.pl\/en\/tcoe\/","og_locale":"en_US","og_type":"article","og_title":"TCoE | Soflab Technology","og_description":"Soflab to firma zajmuj\u0105ca si\u0119 przeprowadzaniem profesjonalnych test\u00f3w oprogramowania i zapewnieniem jako\u015bci system\u00f3w. Wybierz us\u0142ugi najlepszej jako\u015bci!","og_url":"https:\/\/soflab.pl\/en\/tcoe\/","og_site_name":"Soflab","article_publisher":"https:\/\/www.facebook.com\/SoflabTechnology","article_modified_time":"2024-03-07T14:50:09+00:00","twitter_card":"summary_large_image","twitter_misc":{"Est. reading time":"2 minutes"},"schema":{"@context":"https:\/\/schema.org","@graph":[{"@type":"WebPage","@id":"https:\/\/soflab.pl\/en\/tcoe\/","url":"https:\/\/soflab.pl\/en\/tcoe\/","name":"TCoE | Soflab Technology","isPartOf":{"@id":"https:\/\/soflab.pl\/en\/#website"},"datePublished":"2021-09-07T07:12:29+00:00","dateModified":"2024-03-07T14:50:09+00:00","description":"Soflab to firma zajmuj\u0105ca si\u0119 przeprowadzaniem profesjonalnych test\u00f3w oprogramowania i zapewnieniem jako\u015bci system\u00f3w. Wybierz us\u0142ugi najlepszej jako\u015bci!","breadcrumb":{"@id":"https:\/\/soflab.pl\/en\/tcoe\/#breadcrumb"},"inLanguage":"en-US","potentialAction":[{"@type":"ReadAction","target":["https:\/\/soflab.pl\/en\/tcoe\/"]}]},{"@type":"BreadcrumbList","@id":"https:\/\/soflab.pl\/en\/tcoe\/#breadcrumb","itemListElement":[{"@type":"ListItem","position":1,"name":"Strona g\u0142\u00f3wna","item":"https:\/\/soflab.pl\/en\/"},{"@type":"ListItem","position":2,"name":"TCoE"}]},{"@type":"WebSite","@id":"https:\/\/soflab.pl\/en\/#website","url":"https:\/\/soflab.pl\/en\/","name":"Soflab","description":"Soflab QA &amp; Testing","publisher":{"@id":"https:\/\/soflab.pl\/en\/#organization"},"potentialAction":[{"@type":"SearchAction","target":{"@type":"EntryPoint","urlTemplate":"https:\/\/soflab.pl\/en\/?s={search_term_string}"},"query-input":{"@type":"PropertyValueSpecification","valueRequired":true,"valueName":"search_term_string"}}],"inLanguage":"en-US"},{"@type":"Organization","@id":"https:\/\/soflab.pl\/en\/#organization","name":"Soflab","url":"https:\/\/soflab.pl\/en\/","logo":{"@type":"ImageObject","inLanguage":"en-US","@id":"https:\/\/soflab.pl\/en\/#\/schema\/logo\/image\/","url":"https:\/\/soflab.pl\/wp-content\/uploads\/2021\/08\/logo-soflab.png","contentUrl":"https:\/\/soflab.pl\/wp-content\/uploads\/2021\/08\/logo-soflab.png","width":171,"height":35,"caption":"Soflab"},"image":{"@id":"https:\/\/soflab.pl\/en\/#\/schema\/logo\/image\/"},"sameAs":["https:\/\/www.facebook.com\/SoflabTechnology","https:\/\/www.linkedin.com\/company\/soflab-technology-sp--z-o-o-"]}]}},"_links":{"self":[{"href":"https:\/\/soflab.pl\/en\/wp-json\/wp\/v2\/pages\/6207","targetHints":{"allow":["GET"]}}],"collection":[{"href":"https:\/\/soflab.pl\/en\/wp-json\/wp\/v2\/pages"}],"about":[{"href":"https:\/\/soflab.pl\/en\/wp-json\/wp\/v2\/types\/page"}],"author":[{"embeddable":true,"href":"https:\/\/soflab.pl\/en\/wp-json\/wp\/v2\/users\/23"}],"replies":[{"embeddable":true,"href":"https:\/\/soflab.pl\/en\/wp-json\/wp\/v2\/comments?post=6207"}],"version-history":[{"count":11,"href":"https:\/\/soflab.pl\/en\/wp-json\/wp\/v2\/pages\/6207\/revisions"}],"predecessor-version":[{"id":242646,"href":"https:\/\/soflab.pl\/en\/wp-json\/wp\/v2\/pages\/6207\/revisions\/242646"}],"wp:attachment":[{"href":"https:\/\/soflab.pl\/en\/wp-json\/wp\/v2\/media?parent=6207"}],"curies":[{"name":"wp","href":"https:\/\/api.w.org\/{rel}","templated":true}]}}