{"id":6049,"date":"2021-09-01T14:41:48","date_gmt":"2021-09-01T12:41:48","guid":{"rendered":"https:\/\/soflab.pl\/atlassian\/"},"modified":"2025-12-05T14:55:56","modified_gmt":"2025-12-05T13:55:56","slug":"atlassian","status":"publish","type":"page","link":"https:\/\/soflab.pl\/en\/atlassian\/","title":{"rendered":"Atlassian"},"content":{"rendered":"<p>[et_pb_section fb_built=&#8221;1&#8243; _builder_version=&#8221;4.16&#8243; _module_preset=&#8221;default&#8221; da_disable_devices=&#8221;off|off|off&#8221; global_colors_info=&#8221;{}&#8221; da_is_popup=&#8221;off&#8221; da_exit_intent=&#8221;off&#8221; da_has_close=&#8221;on&#8221; da_alt_close=&#8221;off&#8221; da_dark_close=&#8221;off&#8221; da_not_modal=&#8221;on&#8221; da_is_singular=&#8221;off&#8221; da_with_loader=&#8221;off&#8221; da_has_shadow=&#8221;on&#8221;][et_pb_row _builder_version=&#8221;4.16&#8243; _module_preset=&#8221;default&#8221; global_colors_info=&#8221;{}&#8221;][et_pb_column type=&#8221;4_4&#8243; _builder_version=&#8221;4.16&#8243; _module_preset=&#8221;default&#8221; global_colors_info=&#8221;{}&#8221;][et_pb_text _builder_version=&#8221;4.16&#8243; _module_preset=&#8221;default&#8221; global_colors_info=&#8221;{}&#8221;]<\/p>\n<h1>Atlassian<\/h1>\n<p>[\/et_pb_text][\/et_pb_column][\/et_pb_row][et_pb_row _builder_version=&#8221;4.16&#8243; _module_preset=&#8221;default&#8221; global_colors_info=&#8221;{}&#8221;][et_pb_column type=&#8221;4_4&#8243; _builder_version=&#8221;4.16&#8243; _module_preset=&#8221;default&#8221; global_colors_info=&#8221;{}&#8221;][et_pb_image src=&#8221;https:\/\/soflab.pl\/wp-content\/uploads\/2021\/08\/atlassian-przeskalowany.png&#8221; title_text=&#8221;atlassian-przeskalowany&#8221; _builder_version=&#8221;4.16&#8243; _module_preset=&#8221;default&#8221; global_colors_info=&#8221;{}&#8221;][\/et_pb_image][et_pb_text _builder_version=&#8221;4.27.4&#8243; _module_preset=&#8221;default&#8221; global_colors_info=&#8221;{}&#8221;]<\/p>\n<p><span>Atlassian is a\u00a0leading developer of software for the collaboration of teams that work on\u00a0IT solutions. The company based in\u00a0Sydney, Australia, services more than 40,000 clients worldwide, including 85 companies in\u00a0the Fortune 100. The most famous Atlassian tool is JIRA. It is used for bug tracking and IT project management. Atlassian\u2019s offer also includes such well-known products as\u00a0Bamboo for Continuous Integration, Confluence for managing knowledge and documentation, HipChat, Bitbucket, Stash, FishEye, Crucible, SourceTree, Clover and IDE Connector. Soflab is authorised to\u00a0sell Atlassian licenses and remote service subscriptions, as\u00a0well as\u00a0to\u00a0provide advisory services and support for end users.<\/span><\/p>\n<p>[\/et_pb_text][\/et_pb_column][\/et_pb_row][et_pb_row _builder_version=&#8221;4.16&#8243; _module_preset=&#8221;default&#8221; locked=&#8221;off&#8221; global_colors_info=&#8221;{}&#8221;][et_pb_column type=&#8221;4_4&#8243; _builder_version=&#8221;4.16&#8243; _module_preset=&#8221;default&#8221; global_colors_info=&#8221;{}&#8221;][et_pb_button button_url=&#8221;@ET-DC@eyJkeW5hbWljIjp0cnVlLCJjb250ZW50IjoicG9zdF9saW5rX3VybF9wYWdlIiwic2V0dGluZ3MiOnsicG9zdF9pZCI6IjEwNiJ9fQ==@&#8221; button_text=&#8221;Ask about your special offer&#8221; button_alignment=&#8221;center&#8221; _builder_version=&#8221;4.27.4&#8243; _dynamic_attributes=&#8221;button_url&#8221; _module_preset=&#8221;default&#8221; custom_button=&#8221;on&#8221; button_text_color=&#8221;#FFFFFF&#8221; button_bg_color=&#8221;#e45400&#8243; hover_enabled=&#8221;0&#8243; global_colors_info=&#8221;{}&#8221; sticky_enabled=&#8221;0&#8243;][\/et_pb_button][\/et_pb_column][\/et_pb_row][\/et_pb_section][et_pb_section fb_built=&#8221;1&#8243; _builder_version=&#8221;4.16&#8243; _module_preset=&#8221;default&#8221; custom_margin=&#8221;0px||0px||true|false&#8221; custom_padding=&#8221;0px||0px||true|false&#8221; da_disable_devices=&#8221;off|off|off&#8221; border_width_top=&#8221;1px&#8221; border_color_top=&#8221;#eeeeee&#8221; global_colors_info=&#8221;{}&#8221; da_is_popup=&#8221;off&#8221; da_exit_intent=&#8221;off&#8221; da_has_close=&#8221;on&#8221; da_alt_close=&#8221;off&#8221; da_dark_close=&#8221;off&#8221; da_not_modal=&#8221;on&#8221; da_is_singular=&#8221;off&#8221; da_with_loader=&#8221;off&#8221; da_has_shadow=&#8221;on&#8221;][et_pb_row column_structure=&#8221;1_3,1_3,1_3&#8243; _builder_version=&#8221;4.16&#8243; _module_preset=&#8221;default&#8221; global_colors_info=&#8221;{}&#8221;][et_pb_column type=&#8221;1_3&#8243; _builder_version=&#8221;4.16&#8243; _module_preset=&#8221;default&#8221; global_colors_info=&#8221;{}&#8221;][et_pb_button button_url=&#8221;@ET-DC@eyJkeW5hbWljIjp0cnVlLCJjb250ZW50IjoicG9zdF9saW5rX3VybF9wYWdlIiwic2V0dGluZ3MiOnsicG9zdF9pZCI6IjUzMzEifX0=@&#8221; button_text=&#8221;previous&#8221; button_alignment_tablet=&#8221;center&#8221; button_alignment_phone=&#8221;&#8221; button_alignment_last_edited=&#8221;on|phone&#8221; _builder_version=&#8221;4.27.4&#8243; _dynamic_attributes=&#8221;button_url&#8221; _module_preset=&#8221;default&#8221; custom_button=&#8221;on&#8221; button_text_size=&#8221;16px&#8221; button_border_color=&#8221;rgba(108,108,108,0.2)&#8221; button_font=&#8221;|600|||||||&#8221; button_use_icon=&#8221;off&#8221; custom_margin=&#8221;0px||0px||true|false&#8221; global_colors_info=&#8221;{}&#8221;][\/et_pb_button][\/et_pb_column][et_pb_column type=&#8221;1_3&#8243; _builder_version=&#8221;4.16&#8243; _module_preset=&#8221;default&#8221; global_colors_info=&#8221;{}&#8221;][et_pb_button button_url=&#8221;@ET-DC@eyJkeW5hbWljIjp0cnVlLCJjb250ZW50IjoicG9zdF9saW5rX3VybF9wYWdlIiwic2V0dGluZ3MiOnsicG9zdF9pZCI6IjUzODMifX0=@&#8221; button_text=&#8221;All partners&#8221; button_alignment=&#8221;center&#8221; _builder_version=&#8221;4.16&#8243; _dynamic_attributes=&#8221;button_url&#8221; _module_preset=&#8221;default&#8221; custom_button=&#8221;on&#8221; button_text_size=&#8221;16px&#8221; button_text_color=&#8221;#FFFFFF&#8221; button_bg_color=&#8221;gcid-b84cd5eb-858d-4718-96bb-b9ebc4467c00&#8243; button_border_color=&#8221;rgba(108,108,108,0.2)&#8221; button_font=&#8221;|600|||||||&#8221; button_use_icon=&#8221;off&#8221; custom_margin=&#8221;0px||0px||true|false&#8221; global_colors_info=&#8221;{%22gcid-b84cd5eb-858d-4718-96bb-b9ebc4467c00%22:%91%22button_bg_color%22%93}&#8221;][\/et_pb_button][\/et_pb_column][et_pb_column type=&#8221;1_3&#8243; _builder_version=&#8221;4.16&#8243; _module_preset=&#8221;default&#8221; global_colors_info=&#8221;{}&#8221;][et_pb_button button_url=&#8221;@ET-DC@eyJkeW5hbWljIjp0cnVlLCJjb250ZW50IjoicG9zdF9saW5rX3VybF9wYWdlIiwic2V0dGluZ3MiOnsicG9zdF9pZCI6IjUzOTcifX0=@&#8221; button_text=&#8221;next&#8221; button_alignment=&#8221;right&#8221; button_alignment_tablet=&#8221;center&#8221; button_alignment_phone=&#8221;&#8221; button_alignment_last_edited=&#8221;on|phone&#8221; _builder_version=&#8221;4.16&#8243; _dynamic_attributes=&#8221;button_url&#8221; _module_preset=&#8221;default&#8221; custom_button=&#8221;on&#8221; button_text_size=&#8221;16px&#8221; button_border_color=&#8221;rgba(108,108,108,0.2)&#8221; button_font=&#8221;|600|||||||&#8221; button_use_icon=&#8221;off&#8221; custom_margin=&#8221;0px||0px||true|false&#8221; global_colors_info=&#8221;{}&#8221;][\/et_pb_button][\/et_pb_column][\/et_pb_row][\/et_pb_section]<\/p>\n","protected":false},"excerpt":{"rendered":"<p>AtlassianAtlassian is a\u00a0leading developer of software for the collaboration of teams that work on\u00a0IT solutions. The company based in\u00a0Sydney, Australia, services more than 40,000 clients worldwide, including 85 companies in\u00a0the Fortune 100. The most famous Atlassian tool is JIRA. It is used for bug tracking and IT project management. Atlassian\u2019s offer also includes such well-known [&hellip;]<\/p>\n","protected":false},"author":23,"featured_media":0,"parent":0,"menu_order":0,"comment_status":"closed","ping_status":"closed","template":"","meta":{"_et_pb_use_builder":"on","_et_pb_old_content":"","_et_gb_content_width":"","footnotes":""},"class_list":["post-6049","page","type-page","status-publish","hentry"],"yoast_head":"<!-- This site is optimized with the Yoast SEO plugin v27.4 - https:\/\/yoast.com\/product\/yoast-seo-wordpress\/ -->\n<title>Atlassian | Soflab Technology<\/title>\n<meta name=\"description\" content=\"Soflab to firma zajmuj\u0105ca si\u0119 przeprowadzaniem profesjonalnych test\u00f3w oprogramowania i zapewnieniem jako\u015bci system\u00f3w. Wybierz us\u0142ugi najlepszej jako\u015bci!\" \/>\n<meta name=\"robots\" content=\"index, follow, max-snippet:-1, max-image-preview:large, max-video-preview:-1\" \/>\n<link rel=\"canonical\" href=\"https:\/\/soflab.pl\/en\/atlassian\/\" \/>\n<meta property=\"og:locale\" content=\"en_US\" \/>\n<meta property=\"og:type\" content=\"article\" \/>\n<meta property=\"og:title\" content=\"Atlassian | Soflab Technology\" \/>\n<meta property=\"og:description\" content=\"Soflab to firma zajmuj\u0105ca si\u0119 przeprowadzaniem profesjonalnych test\u00f3w oprogramowania i zapewnieniem jako\u015bci system\u00f3w. Wybierz us\u0142ugi najlepszej jako\u015bci!\" \/>\n<meta property=\"og:url\" content=\"https:\/\/soflab.pl\/en\/atlassian\/\" \/>\n<meta property=\"og:site_name\" content=\"Soflab\" \/>\n<meta property=\"article:publisher\" content=\"https:\/\/www.facebook.com\/SoflabTechnology\" \/>\n<meta property=\"article:modified_time\" content=\"2025-12-05T13:55:56+00:00\" \/>\n<meta name=\"twitter:card\" content=\"summary_large_image\" \/>\n<meta name=\"twitter:label1\" content=\"Est. reading time\" \/>\n\t<meta name=\"twitter:data1\" content=\"4 minutes\" \/>\n<script type=\"application\/ld+json\" class=\"yoast-schema-graph\">{\"@context\":\"https:\\\/\\\/schema.org\",\"@graph\":[{\"@type\":\"WebPage\",\"@id\":\"https:\\\/\\\/soflab.pl\\\/en\\\/atlassian\\\/\",\"url\":\"https:\\\/\\\/soflab.pl\\\/en\\\/atlassian\\\/\",\"name\":\"Atlassian | Soflab Technology\",\"isPartOf\":{\"@id\":\"https:\\\/\\\/soflab.pl\\\/en\\\/#website\"},\"datePublished\":\"2021-09-01T12:41:48+00:00\",\"dateModified\":\"2025-12-05T13:55:56+00:00\",\"description\":\"Soflab to firma zajmuj\u0105ca si\u0119 przeprowadzaniem profesjonalnych test\u00f3w oprogramowania i zapewnieniem jako\u015bci system\u00f3w. Wybierz us\u0142ugi najlepszej jako\u015bci!\",\"breadcrumb\":{\"@id\":\"https:\\\/\\\/soflab.pl\\\/en\\\/atlassian\\\/#breadcrumb\"},\"inLanguage\":\"en-US\",\"potentialAction\":[{\"@type\":\"ReadAction\",\"target\":[\"https:\\\/\\\/soflab.pl\\\/en\\\/atlassian\\\/\"]}]},{\"@type\":\"BreadcrumbList\",\"@id\":\"https:\\\/\\\/soflab.pl\\\/en\\\/atlassian\\\/#breadcrumb\",\"itemListElement\":[{\"@type\":\"ListItem\",\"position\":1,\"name\":\"Strona g\u0142\u00f3wna\",\"item\":\"https:\\\/\\\/soflab.pl\\\/en\\\/\"},{\"@type\":\"ListItem\",\"position\":2,\"name\":\"Atlassian\"}]},{\"@type\":\"WebSite\",\"@id\":\"https:\\\/\\\/soflab.pl\\\/en\\\/#website\",\"url\":\"https:\\\/\\\/soflab.pl\\\/en\\\/\",\"name\":\"Soflab\",\"description\":\"Soflab QA &amp; Testing\",\"publisher\":{\"@id\":\"https:\\\/\\\/soflab.pl\\\/en\\\/#organization\"},\"potentialAction\":[{\"@type\":\"SearchAction\",\"target\":{\"@type\":\"EntryPoint\",\"urlTemplate\":\"https:\\\/\\\/soflab.pl\\\/en\\\/?s={search_term_string}\"},\"query-input\":{\"@type\":\"PropertyValueSpecification\",\"valueRequired\":true,\"valueName\":\"search_term_string\"}}],\"inLanguage\":\"en-US\"},{\"@type\":\"Organization\",\"@id\":\"https:\\\/\\\/soflab.pl\\\/en\\\/#organization\",\"name\":\"Soflab\",\"url\":\"https:\\\/\\\/soflab.pl\\\/en\\\/\",\"logo\":{\"@type\":\"ImageObject\",\"inLanguage\":\"en-US\",\"@id\":\"https:\\\/\\\/soflab.pl\\\/en\\\/#\\\/schema\\\/logo\\\/image\\\/\",\"url\":\"https:\\\/\\\/soflab.pl\\\/wp-content\\\/uploads\\\/2021\\\/08\\\/logo-soflab.png\",\"contentUrl\":\"https:\\\/\\\/soflab.pl\\\/wp-content\\\/uploads\\\/2021\\\/08\\\/logo-soflab.png\",\"width\":171,\"height\":35,\"caption\":\"Soflab\"},\"image\":{\"@id\":\"https:\\\/\\\/soflab.pl\\\/en\\\/#\\\/schema\\\/logo\\\/image\\\/\"},\"sameAs\":[\"https:\\\/\\\/www.facebook.com\\\/SoflabTechnology\",\"https:\\\/\\\/www.linkedin.com\\\/company\\\/soflab-technology-sp--z-o-o-\"]}]}<\/script>\n<!-- \/ Yoast SEO plugin. -->","yoast_head_json":{"title":"Atlassian | Soflab Technology","description":"Soflab to firma zajmuj\u0105ca si\u0119 przeprowadzaniem profesjonalnych test\u00f3w oprogramowania i zapewnieniem jako\u015bci system\u00f3w. Wybierz us\u0142ugi najlepszej jako\u015bci!","robots":{"index":"index","follow":"follow","max-snippet":"max-snippet:-1","max-image-preview":"max-image-preview:large","max-video-preview":"max-video-preview:-1"},"canonical":"https:\/\/soflab.pl\/en\/atlassian\/","og_locale":"en_US","og_type":"article","og_title":"Atlassian | Soflab Technology","og_description":"Soflab to firma zajmuj\u0105ca si\u0119 przeprowadzaniem profesjonalnych test\u00f3w oprogramowania i zapewnieniem jako\u015bci system\u00f3w. Wybierz us\u0142ugi najlepszej jako\u015bci!","og_url":"https:\/\/soflab.pl\/en\/atlassian\/","og_site_name":"Soflab","article_publisher":"https:\/\/www.facebook.com\/SoflabTechnology","article_modified_time":"2025-12-05T13:55:56+00:00","twitter_card":"summary_large_image","twitter_misc":{"Est. reading time":"4 minutes"},"schema":{"@context":"https:\/\/schema.org","@graph":[{"@type":"WebPage","@id":"https:\/\/soflab.pl\/en\/atlassian\/","url":"https:\/\/soflab.pl\/en\/atlassian\/","name":"Atlassian | Soflab Technology","isPartOf":{"@id":"https:\/\/soflab.pl\/en\/#website"},"datePublished":"2021-09-01T12:41:48+00:00","dateModified":"2025-12-05T13:55:56+00:00","description":"Soflab to firma zajmuj\u0105ca si\u0119 przeprowadzaniem profesjonalnych test\u00f3w oprogramowania i zapewnieniem jako\u015bci system\u00f3w. Wybierz us\u0142ugi najlepszej jako\u015bci!","breadcrumb":{"@id":"https:\/\/soflab.pl\/en\/atlassian\/#breadcrumb"},"inLanguage":"en-US","potentialAction":[{"@type":"ReadAction","target":["https:\/\/soflab.pl\/en\/atlassian\/"]}]},{"@type":"BreadcrumbList","@id":"https:\/\/soflab.pl\/en\/atlassian\/#breadcrumb","itemListElement":[{"@type":"ListItem","position":1,"name":"Strona g\u0142\u00f3wna","item":"https:\/\/soflab.pl\/en\/"},{"@type":"ListItem","position":2,"name":"Atlassian"}]},{"@type":"WebSite","@id":"https:\/\/soflab.pl\/en\/#website","url":"https:\/\/soflab.pl\/en\/","name":"Soflab","description":"Soflab QA &amp; Testing","publisher":{"@id":"https:\/\/soflab.pl\/en\/#organization"},"potentialAction":[{"@type":"SearchAction","target":{"@type":"EntryPoint","urlTemplate":"https:\/\/soflab.pl\/en\/?s={search_term_string}"},"query-input":{"@type":"PropertyValueSpecification","valueRequired":true,"valueName":"search_term_string"}}],"inLanguage":"en-US"},{"@type":"Organization","@id":"https:\/\/soflab.pl\/en\/#organization","name":"Soflab","url":"https:\/\/soflab.pl\/en\/","logo":{"@type":"ImageObject","inLanguage":"en-US","@id":"https:\/\/soflab.pl\/en\/#\/schema\/logo\/image\/","url":"https:\/\/soflab.pl\/wp-content\/uploads\/2021\/08\/logo-soflab.png","contentUrl":"https:\/\/soflab.pl\/wp-content\/uploads\/2021\/08\/logo-soflab.png","width":171,"height":35,"caption":"Soflab"},"image":{"@id":"https:\/\/soflab.pl\/en\/#\/schema\/logo\/image\/"},"sameAs":["https:\/\/www.facebook.com\/SoflabTechnology","https:\/\/www.linkedin.com\/company\/soflab-technology-sp--z-o-o-"]}]}},"_links":{"self":[{"href":"https:\/\/soflab.pl\/en\/wp-json\/wp\/v2\/pages\/6049","targetHints":{"allow":["GET"]}}],"collection":[{"href":"https:\/\/soflab.pl\/en\/wp-json\/wp\/v2\/pages"}],"about":[{"href":"https:\/\/soflab.pl\/en\/wp-json\/wp\/v2\/types\/page"}],"author":[{"embeddable":true,"href":"https:\/\/soflab.pl\/en\/wp-json\/wp\/v2\/users\/23"}],"replies":[{"embeddable":true,"href":"https:\/\/soflab.pl\/en\/wp-json\/wp\/v2\/comments?post=6049"}],"version-history":[{"count":14,"href":"https:\/\/soflab.pl\/en\/wp-json\/wp\/v2\/pages\/6049\/revisions"}],"predecessor-version":[{"id":247944,"href":"https:\/\/soflab.pl\/en\/wp-json\/wp\/v2\/pages\/6049\/revisions\/247944"}],"wp:attachment":[{"href":"https:\/\/soflab.pl\/en\/wp-json\/wp\/v2\/media?parent=6049"}],"curies":[{"name":"wp","href":"https:\/\/api.w.org\/{rel}","templated":true}]}}