{"id":5437,"date":"2021-08-18T11:10:15","date_gmt":"2021-08-18T09:10:15","guid":{"rendered":"https:\/\/soflab.pl\/team\/"},"modified":"2024-03-07T15:51:20","modified_gmt":"2024-03-07T14:51:20","slug":"team","status":"publish","type":"page","link":"https:\/\/soflab.pl\/en\/team\/","title":{"rendered":"Team"},"content":{"rendered":"\n[et_pb_section fb_built=&#8221;1&#8243; _builder_version=&#8221;4.9.10&#8243; _module_preset=&#8221;default&#8221; background_color=&#8221;#f26522&#8243; title_text=&#8221;o-firmie-bg&#8221; background_image=&#8221;https:\/\/soflab.pl\/wp-content\/uploads\/2021\/08\/o-firmie-bg.png&#8221; parallax=&#8221;on&#8221; hover_enabled=&#8221;0&#8243; sticky_enabled=&#8221;0&#8243;][et_pb_row _builder_version=&#8221;4.9.10&#8243; _module_preset=&#8221;default&#8221; border_width_bottom=&#8221;1px&#8221; border_color_bottom=&#8221;#FFFFFF&#8221; custom_padding=&#8221;||0px||false|false&#8221; custom_margin=&#8221;||0px||false|false&#8221; hover_enabled=&#8221;0&#8243; sticky_enabled=&#8221;0&#8243;][et_pb_column _builder_version=&#8221;4.9.10&#8243; _module_preset=&#8221;default&#8221; type=&#8221;4_4&#8243;][et_pb_text _builder_version=&#8221;4.9.10&#8243; _module_preset=&#8221;default&#8221; hover_enabled=&#8221;0&#8243; sticky_enabled=&#8221;0&#8243;]<h1><span style=\"color: #ffffff;\"><strong>TEAM<\/strong><\/span><\/h1>[\/et_pb_text][\/et_pb_column][\/et_pb_row][et_pb_row _builder_version=&#8221;4.9.10&#8243; _module_preset=&#8221;default&#8221; column_structure=&#8221;1_2,1_2&#8243; hover_enabled=&#8221;0&#8243; sticky_enabled=&#8221;0&#8243;][et_pb_column _builder_version=&#8221;4.9.10&#8243; _module_preset=&#8221;default&#8221; type=&#8221;1_2&#8243;][et_pb_blurb title=&#8221;Outstanding team&#8221; image=&#8221;https:\/\/soflab.pl\/wp-content\/uploads\/2021\/08\/1&#215;1.png&#8221; _builder_version=&#8221;4.9.10&#8243; _module_preset=&#8221;default&#8221; icon_placement=&#8221;left&#8221; title_text=&#8221;1&#215;1&#8243; image_max_width=&#8221;150%&#8221; content_max_width=&#8221;1100px&#8221; hover_enabled=&#8221;0&#8243; sticky_enabled=&#8221;0&#8243; background_layout=&#8221;dark&#8221; header_level=&#8221;h3&#8243;]<p><span>Our team consists of specialists with a broad in-depth experience and extensive knowledge of Information Technology. For them, Quality Assurance is a real passion. <\/span><\/p>[\/et_pb_blurb][\/et_pb_column][et_pb_column _builder_version=&#8221;4.9.10&#8243; _module_preset=&#8221;default&#8221; type=&#8221;1_2&#8243;][et_pb_blurb title=&#8221;Interesting projects&#8221; image=&#8221;https:\/\/soflab.pl\/wp-content\/uploads\/2021\/08\/2&#215;1.png&#8221; _builder_version=&#8221;4.9.10&#8243; _module_preset=&#8221;default&#8221; icon_placement=&#8221;left&#8221; title_text=&#8221;2&#215;1&#8243; image_max_width=&#8221;150%&#8221; content_max_width=&#8221;1100px&#8221; hover_enabled=&#8221;0&#8243; sticky_enabled=&#8221;0&#8243; background_layout=&#8221;dark&#8221; header_level=&#8221;h3&#8243;]<div id=\"dslc-module-348\" class=\"dslc-module-front dslc-module-DSLC_Info_Box dslc-in-viewport-check dslc-in-viewport-anim-none dslc-col dslc-6-col dslc-last-col dslc-module-handle-like-regular dslc-in-viewport\" data-module-id=\"348\" data-dslc-module-id=\"DSLC_Info_Box\" data-dslc-module-size=\"6\" data-dslc-anim=\"none\" data-dslc-anim-delay=\"0\" data-dslc-anim-duration=\"650\" data-dslc-anim-easing=\"ease\" data-dslc-preset=\"none\">\n<div class=\"dslc-info-box dslc-info-box-icon-pos-aside\">\n<div class=\"dslc-info-box-wrapper\">\n<div class=\"dslc-info-box-main-wrap dslc-clearfix\">\n<div class=\"dslc-info-box-main\">\n<div class=\"dslc-info-box-content\">\n<p>We have successfully delivered numerous projects in multiple market sectors. This enables continuous development of our team\u2019s competences (we believe there is always something new to learn and share no matter how expert an individual is!), improves the efficiency of our services and lets us develop new organisational and technical solutions.<\/p>\n<\/div>\n<\/div>\n<\/div>\n<\/div>\n<\/div>\n<\/div>\n<div id=\"dslc-module-349\" class=\"dslc-module-front dslc-module-DSLC_Info_Box dslc-in-viewport-check dslc-in-viewport-anim-none dslc-col dslc-6-col dslc-module-handle-like-regular dslc-in-viewport\" data-module-id=\"349\" data-dslc-module-id=\"DSLC_Info_Box\" data-dslc-module-size=\"6\" data-dslc-anim=\"none\" data-dslc-anim-delay=\"0\" data-dslc-anim-duration=\"650\" data-dslc-anim-easing=\"ease\" data-dslc-preset=\"none\">\n<div class=\"dslc-info-box dslc-info-box-icon-pos-aside\">\n<div class=\"dslc-info-box-wrapper\">\n<div class=\"dslc-info-box-main-wrap dslc-clearfix\">\n<div class=\"dslc-info-box-image\">\n<div class=\"dslc-info-box-image-inner\"><\/div>\n<\/div>\n<\/div>\n<\/div>\n<\/div>\n<\/div>[\/et_pb_blurb][\/et_pb_column][\/et_pb_row][et_pb_row _builder_version=&#8221;4.9.10&#8243; _module_preset=&#8221;default&#8221; column_structure=&#8221;1_2,1_2&#8243; hover_enabled=&#8221;0&#8243; sticky_enabled=&#8221;0&#8243;][et_pb_column _builder_version=&#8221;4.9.10&#8243; _module_preset=&#8221;default&#8221; type=&#8221;1_2&#8243;][et_pb_blurb title=&#8221;Development&#8221; image=&#8221;https:\/\/soflab.pl\/wp-content\/uploads\/2021\/08\/3&#215;1.png&#8221; _builder_version=&#8221;4.9.10&#8243; _module_preset=&#8221;default&#8221; icon_placement=&#8221;left&#8221; title_text=&#8221;3&#215;1&#8243; image_max_width=&#8221;150%&#8221; content_max_width=&#8221;1100px&#8221; hover_enabled=&#8221;0&#8243; sticky_enabled=&#8221;0&#8243; background_layout=&#8221;dark&#8221; header_level=&#8221;h3&#8243;]<div id=\"dslc-module-349\" class=\"dslc-module-front dslc-module-DSLC_Info_Box dslc-in-viewport-check dslc-in-viewport-anim-none dslc-col dslc-6-col dslc-module-handle-like-regular dslc-in-viewport\" data-module-id=\"349\" data-dslc-module-id=\"DSLC_Info_Box\" data-dslc-module-size=\"6\" data-dslc-anim=\"none\" data-dslc-anim-delay=\"0\" data-dslc-anim-duration=\"650\" data-dslc-anim-easing=\"ease\" data-dslc-preset=\"none\">\n<div class=\"dslc-info-box dslc-info-box-icon-pos-aside\">\n<div class=\"dslc-info-box-wrapper\">\n<div class=\"dslc-info-box-main-wrap dslc-clearfix\">\n<div class=\"dslc-info-box-main\">\n<div class=\"dslc-info-box-content\">\n<p>We plan our career paths in such a way that career goals are not only achievable, but also rewarding for our employees. We pay special attention to ensure that all training enhances skills and keeps us up to date with the changing trends in the IT Industry. <\/p>\n<\/div>\n<\/div>\n<\/div>\n<\/div>\n<\/div>\n<\/div>\n<div id=\"dslc-module-350\" class=\"dslc-module-front dslc-module-DSLC_Info_Box dslc-in-viewport-check dslc-in-viewport-anim-none dslc-col dslc-6-col dslc-last-col dslc-module-handle-like-regular dslc-in-viewport\" data-module-id=\"350\" data-dslc-module-id=\"DSLC_Info_Box\" data-dslc-module-size=\"6\" data-dslc-anim=\"none\" data-dslc-anim-delay=\"0\" data-dslc-anim-duration=\"650\" data-dslc-anim-easing=\"ease\" data-dslc-preset=\"none\">\n<div class=\"dslc-info-box dslc-info-box-icon-pos-aside\">\n<div class=\"dslc-info-box-wrapper\">\n<div class=\"dslc-info-box-main-wrap dslc-clearfix\">\n<div class=\"dslc-info-box-image\">\n<div class=\"dslc-info-box-image-inner\"><\/div>\n<\/div>\n<\/div>\n<\/div>\n<\/div>\n<\/div>[\/et_pb_blurb][\/et_pb_column][et_pb_column _builder_version=&#8221;4.9.10&#8243; _module_preset=&#8221;default&#8221; type=&#8221;1_2&#8243;][et_pb_blurb title=&#8221;Quality Policy&#8221; image=&#8221;https:\/\/soflab.pl\/wp-content\/uploads\/2021\/08\/4&#215;1.png&#8221; _builder_version=&#8221;4.9.10&#8243; _module_preset=&#8221;default&#8221; icon_placement=&#8221;left&#8221; title_text=&#8221;4&#215;1&#8243; image_max_width=&#8221;150%&#8221; content_max_width=&#8221;1100px&#8221; hover_enabled=&#8221;0&#8243; sticky_enabled=&#8221;0&#8243; background_layout=&#8221;dark&#8221; header_level=&#8221;h3&#8243;]<div id=\"dslc-module-348\" class=\"dslc-module-front dslc-module-DSLC_Info_Box dslc-in-viewport-check dslc-in-viewport-anim-none dslc-col dslc-6-col dslc-last-col dslc-module-handle-like-regular dslc-in-viewport\" data-module-id=\"348\" data-dslc-module-id=\"DSLC_Info_Box\" data-dslc-module-size=\"6\" data-dslc-anim=\"none\" data-dslc-anim-delay=\"0\" data-dslc-anim-duration=\"650\" data-dslc-anim-easing=\"ease\" data-dslc-preset=\"none\">\n<div class=\"dslc-info-box dslc-info-box-icon-pos-aside\">\n<div class=\"dslc-info-box-wrapper\">\n<div class=\"dslc-info-box-main-wrap dslc-clearfix\">\n<div class=\"dslc-info-box-main\">\n<div class=\"dslc-info-box-content\">\n<div id=\"team\" class=\"dslc-modules-section dslc-init-parallax \">\n<div class=\"dslc-modules-section-wrapper dslc-clearfix\">\n<div class=\"dslc-modules-area dslc-col dslc-12-col dslc-last-col\" data-size=\"12\">\n<div id=\"dslc-module-350\" class=\"dslc-module-front dslc-module-DSLC_Info_Box dslc-in-viewport-check dslc-in-viewport-anim-none dslc-col dslc-6-col dslc-last-col dslc-module-handle-like-regular dslc-in-viewport\" data-module-id=\"350\" data-dslc-module-id=\"DSLC_Info_Box\" data-dslc-module-size=\"6\" data-dslc-anim=\"none\" data-dslc-anim-delay=\"0\" data-dslc-anim-duration=\"650\" data-dslc-anim-easing=\"ease\" data-dslc-preset=\"none\">\n<div class=\"dslc-info-box dslc-info-box-icon-pos-aside\">\n<div class=\"dslc-info-box-wrapper\">\n<div class=\"dslc-info-box-main-wrap dslc-clearfix\">\n<div class=\"dslc-info-box-main\">\n<div class=\"dslc-info-box-content\">\n<p>Soflab&#8217;s philosophy derives directly from our practical experience in and knowledge of Quality Assurance in IT projects. Thanks to the fact that we operate in a documented and verifiable manner, we are constantly improving methodologies and organisational processes, which considerably helps in our team&#8217;s development. <\/p>\n<\/div>\n<\/div>\n<\/div>\n<\/div>\n<\/div>\n<\/div>\n<\/div>\n<\/div>\n<\/div>\n<div class=\"dslc-modules-section \">\n<div class=\"dslc-modules-section-wrapper dslc-clearfix\">\n<div class=\"dslc-modules-area dslc-col dslc-12-col dslc-last-col\" data-size=\"12\">\n<div id=\"dslc-module-1735\" class=\"dslc-module-front dslc-module-DSLC_Html dslc-in-viewport-check dslc-in-viewport-anim-none dslc-col dslc-12-col dslc-last-col dslc-module-handle-like-regular dslc-in-viewport\" data-module-id=\"1735\" data-dslc-module-id=\"DSLC_Html\" data-dslc-module-size=\"12\" data-dslc-anim=\"none\" data-dslc-anim-delay=\"0\" data-dslc-anim-duration=\"650\" data-dslc-anim-easing=\"ease\" data-dslc-preset=\"none\">\n<div class=\"dslc-html-module-content\">\n<div><\/div>\n<div class=\"psgal_wrap\">\n<div id=\"psgal_3414_1\" class=\"psgal gallery-columns-3 gallery-size-large photoswipe_showme\" itemscope=\"\" itemtype=\"http:\/\/schema.org\/ImageGallery\">\n<figure class=\"msnry_item\" itemscope=\"\" itemtype=\"http:\/\/schema.org\/ImageObject\"><\/figure>\n<\/div>\n<\/div>\n<\/div>\n<\/div>\n<\/div>\n<\/div>\n<\/div>\n<\/div>\n<\/div>\n<\/div>\n<\/div>\n<\/div>\n<\/div>[\/et_pb_blurb][\/et_pb_column][\/et_pb_row][\/et_pb_section][et_pb_section fb_built=&#8221;1&#8243; _builder_version=&#8221;4.9.10&#8243; _module_preset=&#8221;default&#8221;][et_pb_row _builder_version=&#8221;4.9.10&#8243; _module_preset=&#8221;default&#8221;][et_pb_column _builder_version=&#8221;4.9.10&#8243; _module_preset=&#8221;default&#8221; type=&#8221;4_4&#8243;][et_pb_gallery _builder_version=&#8221;4.9.10&#8243; _module_preset=&#8221;default&#8221; gallery_ids=&#8221;4501,4502,4503,4504,4505,4506,4507,4508,4509,4510,4511,4512&#8243; show_title_and_caption=&#8221;off&#8221; show_pagination=&#8221;off&#8221; posts_number=&#8221;12&#8243; hover_enabled=&#8221;0&#8243; sticky_enabled=&#8221;0&#8243;][\/et_pb_gallery][\/et_pb_column][\/et_pb_row][\/et_pb_section]\n","protected":false},"excerpt":{"rendered":"<p>TEAMOur team consists of specialists with a broad in-depth experience and extensive knowledge of Information Technology. For them, Quality Assurance is a real passion. We have successfully delivered numerous projects in multiple market sectors. This enables continuous development of our team\u2019s competences (we believe there is always something new to learn and share no matter [&hellip;]<\/p>\n","protected":false},"author":23,"featured_media":0,"parent":0,"menu_order":0,"comment_status":"closed","ping_status":"closed","template":"","meta":{"_et_pb_use_builder":"on","_et_pb_old_content":"","_et_gb_content_width":"","footnotes":""},"class_list":["post-5437","page","type-page","status-publish","hentry"],"yoast_head":"<!-- This site is optimized with the Yoast SEO plugin v27.4 - https:\/\/yoast.com\/product\/yoast-seo-wordpress\/ -->\n<title>Team | Soflab Technology<\/title>\n<meta name=\"description\" content=\"Soflab to firma zajmuj\u0105ca si\u0119 przeprowadzaniem profesjonalnych test\u00f3w oprogramowania i zapewnieniem jako\u015bci system\u00f3w. Wybierz us\u0142ugi najlepszej jako\u015bci!\" \/>\n<meta name=\"robots\" content=\"index, follow, max-snippet:-1, max-image-preview:large, max-video-preview:-1\" \/>\n<link rel=\"canonical\" href=\"https:\/\/soflab.pl\/en\/team\/\" \/>\n<meta property=\"og:locale\" content=\"en_US\" \/>\n<meta property=\"og:type\" content=\"article\" \/>\n<meta property=\"og:title\" content=\"Team | Soflab Technology\" \/>\n<meta property=\"og:description\" content=\"Soflab to firma zajmuj\u0105ca si\u0119 przeprowadzaniem profesjonalnych test\u00f3w oprogramowania i zapewnieniem jako\u015bci system\u00f3w. Wybierz us\u0142ugi najlepszej jako\u015bci!\" \/>\n<meta property=\"og:url\" content=\"https:\/\/soflab.pl\/en\/team\/\" \/>\n<meta property=\"og:site_name\" content=\"Soflab\" \/>\n<meta property=\"article:publisher\" content=\"https:\/\/www.facebook.com\/SoflabTechnology\" \/>\n<meta property=\"article:modified_time\" content=\"2024-03-07T14:51:20+00:00\" \/>\n<meta name=\"twitter:card\" content=\"summary_large_image\" \/>\n<meta name=\"twitter:label1\" content=\"Est. reading time\" \/>\n\t<meta name=\"twitter:data1\" content=\"3 minutes\" \/>\n<script type=\"application\/ld+json\" class=\"yoast-schema-graph\">{\"@context\":\"https:\\\/\\\/schema.org\",\"@graph\":[{\"@type\":\"WebPage\",\"@id\":\"https:\\\/\\\/soflab.pl\\\/en\\\/team\\\/\",\"url\":\"https:\\\/\\\/soflab.pl\\\/en\\\/team\\\/\",\"name\":\"Team | Soflab Technology\",\"isPartOf\":{\"@id\":\"https:\\\/\\\/soflab.pl\\\/en\\\/#website\"},\"datePublished\":\"2021-08-18T09:10:15+00:00\",\"dateModified\":\"2024-03-07T14:51:20+00:00\",\"description\":\"Soflab to firma zajmuj\u0105ca si\u0119 przeprowadzaniem profesjonalnych test\u00f3w oprogramowania i zapewnieniem jako\u015bci system\u00f3w. Wybierz us\u0142ugi najlepszej jako\u015bci!\",\"breadcrumb\":{\"@id\":\"https:\\\/\\\/soflab.pl\\\/en\\\/team\\\/#breadcrumb\"},\"inLanguage\":\"en-US\",\"potentialAction\":[{\"@type\":\"ReadAction\",\"target\":[\"https:\\\/\\\/soflab.pl\\\/en\\\/team\\\/\"]}]},{\"@type\":\"BreadcrumbList\",\"@id\":\"https:\\\/\\\/soflab.pl\\\/en\\\/team\\\/#breadcrumb\",\"itemListElement\":[{\"@type\":\"ListItem\",\"position\":1,\"name\":\"Strona g\u0142\u00f3wna\",\"item\":\"https:\\\/\\\/soflab.pl\\\/en\\\/\"},{\"@type\":\"ListItem\",\"position\":2,\"name\":\"Team\"}]},{\"@type\":\"WebSite\",\"@id\":\"https:\\\/\\\/soflab.pl\\\/en\\\/#website\",\"url\":\"https:\\\/\\\/soflab.pl\\\/en\\\/\",\"name\":\"Soflab\",\"description\":\"Soflab QA &amp; Testing\",\"publisher\":{\"@id\":\"https:\\\/\\\/soflab.pl\\\/en\\\/#organization\"},\"potentialAction\":[{\"@type\":\"SearchAction\",\"target\":{\"@type\":\"EntryPoint\",\"urlTemplate\":\"https:\\\/\\\/soflab.pl\\\/en\\\/?s={search_term_string}\"},\"query-input\":{\"@type\":\"PropertyValueSpecification\",\"valueRequired\":true,\"valueName\":\"search_term_string\"}}],\"inLanguage\":\"en-US\"},{\"@type\":\"Organization\",\"@id\":\"https:\\\/\\\/soflab.pl\\\/en\\\/#organization\",\"name\":\"Soflab\",\"url\":\"https:\\\/\\\/soflab.pl\\\/en\\\/\",\"logo\":{\"@type\":\"ImageObject\",\"inLanguage\":\"en-US\",\"@id\":\"https:\\\/\\\/soflab.pl\\\/en\\\/#\\\/schema\\\/logo\\\/image\\\/\",\"url\":\"https:\\\/\\\/soflab.pl\\\/wp-content\\\/uploads\\\/2021\\\/08\\\/logo-soflab.png\",\"contentUrl\":\"https:\\\/\\\/soflab.pl\\\/wp-content\\\/uploads\\\/2021\\\/08\\\/logo-soflab.png\",\"width\":171,\"height\":35,\"caption\":\"Soflab\"},\"image\":{\"@id\":\"https:\\\/\\\/soflab.pl\\\/en\\\/#\\\/schema\\\/logo\\\/image\\\/\"},\"sameAs\":[\"https:\\\/\\\/www.facebook.com\\\/SoflabTechnology\",\"https:\\\/\\\/www.linkedin.com\\\/company\\\/soflab-technology-sp--z-o-o-\"]}]}<\/script>\n<!-- \/ Yoast SEO plugin. -->","yoast_head_json":{"title":"Team | Soflab Technology","description":"Soflab to firma zajmuj\u0105ca si\u0119 przeprowadzaniem profesjonalnych test\u00f3w oprogramowania i zapewnieniem jako\u015bci system\u00f3w. Wybierz us\u0142ugi najlepszej jako\u015bci!","robots":{"index":"index","follow":"follow","max-snippet":"max-snippet:-1","max-image-preview":"max-image-preview:large","max-video-preview":"max-video-preview:-1"},"canonical":"https:\/\/soflab.pl\/en\/team\/","og_locale":"en_US","og_type":"article","og_title":"Team | Soflab Technology","og_description":"Soflab to firma zajmuj\u0105ca si\u0119 przeprowadzaniem profesjonalnych test\u00f3w oprogramowania i zapewnieniem jako\u015bci system\u00f3w. Wybierz us\u0142ugi najlepszej jako\u015bci!","og_url":"https:\/\/soflab.pl\/en\/team\/","og_site_name":"Soflab","article_publisher":"https:\/\/www.facebook.com\/SoflabTechnology","article_modified_time":"2024-03-07T14:51:20+00:00","twitter_card":"summary_large_image","twitter_misc":{"Est. reading time":"3 minutes"},"schema":{"@context":"https:\/\/schema.org","@graph":[{"@type":"WebPage","@id":"https:\/\/soflab.pl\/en\/team\/","url":"https:\/\/soflab.pl\/en\/team\/","name":"Team | Soflab Technology","isPartOf":{"@id":"https:\/\/soflab.pl\/en\/#website"},"datePublished":"2021-08-18T09:10:15+00:00","dateModified":"2024-03-07T14:51:20+00:00","description":"Soflab to firma zajmuj\u0105ca si\u0119 przeprowadzaniem profesjonalnych test\u00f3w oprogramowania i zapewnieniem jako\u015bci system\u00f3w. Wybierz us\u0142ugi najlepszej jako\u015bci!","breadcrumb":{"@id":"https:\/\/soflab.pl\/en\/team\/#breadcrumb"},"inLanguage":"en-US","potentialAction":[{"@type":"ReadAction","target":["https:\/\/soflab.pl\/en\/team\/"]}]},{"@type":"BreadcrumbList","@id":"https:\/\/soflab.pl\/en\/team\/#breadcrumb","itemListElement":[{"@type":"ListItem","position":1,"name":"Strona g\u0142\u00f3wna","item":"https:\/\/soflab.pl\/en\/"},{"@type":"ListItem","position":2,"name":"Team"}]},{"@type":"WebSite","@id":"https:\/\/soflab.pl\/en\/#website","url":"https:\/\/soflab.pl\/en\/","name":"Soflab","description":"Soflab QA &amp; Testing","publisher":{"@id":"https:\/\/soflab.pl\/en\/#organization"},"potentialAction":[{"@type":"SearchAction","target":{"@type":"EntryPoint","urlTemplate":"https:\/\/soflab.pl\/en\/?s={search_term_string}"},"query-input":{"@type":"PropertyValueSpecification","valueRequired":true,"valueName":"search_term_string"}}],"inLanguage":"en-US"},{"@type":"Organization","@id":"https:\/\/soflab.pl\/en\/#organization","name":"Soflab","url":"https:\/\/soflab.pl\/en\/","logo":{"@type":"ImageObject","inLanguage":"en-US","@id":"https:\/\/soflab.pl\/en\/#\/schema\/logo\/image\/","url":"https:\/\/soflab.pl\/wp-content\/uploads\/2021\/08\/logo-soflab.png","contentUrl":"https:\/\/soflab.pl\/wp-content\/uploads\/2021\/08\/logo-soflab.png","width":171,"height":35,"caption":"Soflab"},"image":{"@id":"https:\/\/soflab.pl\/en\/#\/schema\/logo\/image\/"},"sameAs":["https:\/\/www.facebook.com\/SoflabTechnology","https:\/\/www.linkedin.com\/company\/soflab-technology-sp--z-o-o-"]}]}},"_links":{"self":[{"href":"https:\/\/soflab.pl\/en\/wp-json\/wp\/v2\/pages\/5437","targetHints":{"allow":["GET"]}}],"collection":[{"href":"https:\/\/soflab.pl\/en\/wp-json\/wp\/v2\/pages"}],"about":[{"href":"https:\/\/soflab.pl\/en\/wp-json\/wp\/v2\/types\/page"}],"author":[{"embeddable":true,"href":"https:\/\/soflab.pl\/en\/wp-json\/wp\/v2\/users\/23"}],"replies":[{"embeddable":true,"href":"https:\/\/soflab.pl\/en\/wp-json\/wp\/v2\/comments?post=5437"}],"version-history":[{"count":7,"href":"https:\/\/soflab.pl\/en\/wp-json\/wp\/v2\/pages\/5437\/revisions"}],"predecessor-version":[{"id":242647,"href":"https:\/\/soflab.pl\/en\/wp-json\/wp\/v2\/pages\/5437\/revisions\/242647"}],"wp:attachment":[{"href":"https:\/\/soflab.pl\/en\/wp-json\/wp\/v2\/media?parent=5437"}],"curies":[{"name":"wp","href":"https:\/\/api.w.org\/{rel}","templated":true}]}}