{"id":5419,"date":"2021-08-18T10:53:55","date_gmt":"2021-08-18T08:53:55","guid":{"rendered":"https:\/\/soflab.pl\/tars-automation-reporting\/"},"modified":"2021-08-18T10:53:57","modified_gmt":"2021-08-18T08:53:57","slug":"tars-automation-reporting","status":"publish","type":"page","link":"https:\/\/soflab.pl\/en\/tars-automation-reporting\/","title":{"rendered":"TARS &#8211; Automation Reporting"},"content":{"rendered":"<p>[et_pb_section fb_built=&#8221;1&#8243; _builder_version=&#8221;4.9.10&#8243; _module_preset=&#8221;default&#8221; background_color=&#8221;#acc1cd&#8221; background_enable_image=&#8221;off&#8221; parallax=&#8221;on&#8221; parallax_method=&#8221;off&#8221;][et_pb_row column_structure=&#8221;1_2,1_2&#8243; disabled_on=&#8221;on|on|off&#8221; _builder_version=&#8221;4.9.10&#8243; _module_preset=&#8221;default&#8221;][et_pb_column type=&#8221;1_2&#8243; _builder_version=&#8221;4.9.10&#8243; _module_preset=&#8221;default&#8221;][et_pb_image src=&#8221;https:\/\/soflab.pl\/wp-content\/uploads\/2021\/08\/tars-logo-80&#215;79-1.png&#8221; title_text=&#8221;tars-logo-80&#215;79&#8243; align=&#8221;right&#8221; _builder_version=&#8221;4.9.10&#8243; _module_preset=&#8221;default&#8221;][\/et_pb_image][\/et_pb_column][et_pb_column type=&#8221;1_2&#8243; _builder_version=&#8221;4.9.10&#8243; _module_preset=&#8221;default&#8221;][et_pb_text _builder_version=&#8221;4.9.10&#8243; _module_preset=&#8221;default&#8221; transform_translate=&#8221;-44px|-2px&#8221; transform_translate_linked=&#8221;off&#8221;]<\/p>\n<h1><\/h1>\n<h1><\/h1>\n<h1><\/h1>\n<h1><strong><span style=\"color: #ffffff;\">TARS<\/span><\/strong><\/h1>\n<p>[\/et_pb_text][\/et_pb_column][\/et_pb_row][et_pb_row column_structure=&#8221;1_2,1_2&#8243; disabled_on=&#8221;off|off|on&#8221; _builder_version=&#8221;4.9.10&#8243; _module_preset=&#8221;default&#8221;][et_pb_column type=&#8221;1_2&#8243; _builder_version=&#8221;4.9.10&#8243; _module_preset=&#8221;default&#8221;][et_pb_image src=&#8221;https:\/\/soflab.pl\/wp-content\/uploads\/2021\/08\/tars-logo-80&#215;79-1.png&#8221; title_text=&#8221;tars-logo-80&#215;79&#8243; align=&#8221;center&#8221; _builder_version=&#8221;4.9.10&#8243; _module_preset=&#8221;default&#8221;][\/et_pb_image][\/et_pb_column][et_pb_column type=&#8221;1_2&#8243; _builder_version=&#8221;4.9.10&#8243; _module_preset=&#8221;default&#8221;][et_pb_text _builder_version=&#8221;4.9.10&#8243; _module_preset=&#8221;default&#8221; text_orientation=&#8221;center&#8221;]<\/p>\n<h1><\/h1>\n<h1><\/h1>\n<h1><\/h1>\n<h1><strong><span style=\"color: #ffffff;\">TARS<\/span><\/strong><\/h1>\n<p>[\/et_pb_text][\/et_pb_column][\/et_pb_row][et_pb_row _builder_version=&#8221;4.9.10&#8243; _module_preset=&#8221;default&#8221; custom_padding=&#8221;0px||||false|false&#8221;][et_pb_column type=&#8221;4_4&#8243; _builder_version=&#8221;4.9.10&#8243; _module_preset=&#8221;default&#8221;][et_pb_text _builder_version=&#8221;4.9.10&#8243; _module_preset=&#8221;default&#8221; text_orientation=&#8221;center&#8221; custom_margin=&#8221;0px||||false|false&#8221; custom_padding=&#8221;0px||||false|false&#8221;]<\/p>\n<p><span style=\"color: #ffffff;\"><strong>Soflab TARS is a tool developed by Soflab Technology from scratch in order to streamline and accelerate the process of analysis and reporting the results of Automated Tests, especially in the case of work execution by a distributed project team.<\/strong><\/span><\/p>\n<p>[\/et_pb_text][\/et_pb_column][\/et_pb_row][\/et_pb_section][et_pb_section fb_built=&#8221;1&#8243; disabled_on=&#8221;on|on|off&#8221; _builder_version=&#8221;4.9.10&#8243; _module_preset=&#8221;default&#8221; border_width_bottom=&#8221;1px&#8221; border_color_bottom=&#8221;#ededed&#8221;][et_pb_row column_structure=&#8221;1_2,1_2&#8243; _builder_version=&#8221;4.9.10&#8243; _module_preset=&#8221;default&#8221;][et_pb_column type=&#8221;1_2&#8243; _builder_version=&#8221;4.9.10&#8243; _module_preset=&#8221;default&#8221;][et_pb_image src=&#8221;https:\/\/soflab.pl\/wp-content\/uploads\/2021\/08\/TARS-1.png&#8221; title_text=&#8221;TARS-1&#8243; _builder_version=&#8221;4.9.10&#8243; _module_preset=&#8221;default&#8221; transform_translate=&#8221;0px|88px&#8221; transform_translate_linked=&#8221;off&#8221; width=&#8221;69.5%&#8221;][\/et_pb_image][\/et_pb_column][et_pb_column type=&#8221;1_2&#8243; _builder_version=&#8221;4.9.10&#8243; _module_preset=&#8221;default&#8221;][et_pb_text _builder_version=&#8221;4.9.10&#8243; _module_preset=&#8221;default&#8221; custom_margin=&#8221;|||-187px||&#8221;]<\/p>\n<h2><span class=\"s1\">Advantages of the tool<\/span><\/h2>\n<ul class=\"cq-list\">\n<li class=\"p1\"><strong><span class=\"s1\">Delivery time reduction of verified results for automated <span class=\"Apple-converted-space\">tests<\/span><br \/><\/span><\/strong>It isideal <span class=\"Apple-converted-space\"><span class=\"Apple-converted-space\"><span class=\"Apple-converted-space\">forprojectsbased<\/span>on Agile methodologies, where it is very important to provide verified results of tests running at a high frequency as soon as possible<\/span><\/span><\/li>\n<li class=\"p1\"><strong><span class=\"s1\">Parallel analysis of tests results from multiple test environments<br \/><\/span><\/strong>Maximisation of benefits from tool usage is particularly evident in the case of implementation of automated tests on a number of parallel test environments as part of the Continuous Delivery \/ DevOps approach.<\/li>\n<li class=\"p1\"><strong><span class=\"s1\">Improvement of the process of analysis and reporting<br \/><\/span><\/strong>The tool allows full control of the whole reporting process (tests results in a real time) and enables efficient allocation change between different levels of support \/ specialisation of people undertaking analysis of results for particular test cases \/ test scripts, resulting in the possibility of substantial savings in delivery time of reports and in the involvement of a team in the area of analysis and reporting of results.<\/li>\n<\/ul>\n<p>[\/et_pb_text][\/et_pb_column][\/et_pb_row][\/et_pb_section][et_pb_section fb_built=&#8221;1&#8243; disabled_on=&#8221;off|off|on&#8221; _builder_version=&#8221;4.9.10&#8243; _module_preset=&#8221;default&#8221; border_width_bottom=&#8221;1px&#8221; border_color_bottom=&#8221;#ededed&#8221;][et_pb_row column_structure=&#8221;1_2,1_2&#8243; _builder_version=&#8221;4.9.10&#8243; _module_preset=&#8221;default&#8221;][et_pb_column type=&#8221;1_2&#8243; _builder_version=&#8221;4.9.10&#8243; _module_preset=&#8221;default&#8221;][et_pb_image src=&#8221;https:\/\/soflab.pl\/wp-content\/uploads\/2021\/08\/TARS-1.png&#8221; title_text=&#8221;TARS-1&#8243; _builder_version=&#8221;4.9.10&#8243; _module_preset=&#8221;default&#8221; hover_enabled=&#8221;0&#8243; align=&#8221;center&#8221; sticky_enabled=&#8221;0&#8243;][\/et_pb_image][\/et_pb_column][et_pb_column type=&#8221;1_2&#8243; _builder_version=&#8221;4.9.10&#8243; _module_preset=&#8221;default&#8221;][et_pb_text _builder_version=&#8221;4.9.10&#8243; _module_preset=&#8221;default&#8221;]<\/p>\n<h2><span class=\"s1\">Advantages of the tool<\/span><\/h2>\n<ul class=\"cq-list\">\n<li class=\"p1\"><strong><span class=\"s1\">Delivery time reduction of verified results for automated <span class=\"Apple-converted-space\">tests<\/span><br \/><\/span><\/strong>It isideal <span class=\"Apple-converted-space\"><span class=\"Apple-converted-space\"><span class=\"Apple-converted-space\">forprojectsbased<\/span>on Agile methodologies, where it is very important to provide verified results of tests running at a high frequency as soon as possible<\/span><\/span><\/li>\n<li class=\"p1\"><strong><span class=\"s1\">Parallel analysis of tests results from multiple test environments<br \/><\/span><\/strong>Maximisation of benefits from tool usage is particularly evident in the case of implementation of automated tests on a number of parallel test environments as part of the Continuous Delivery \/ DevOps approach.<\/li>\n<li class=\"p1\"><strong><span class=\"s1\">Improvement of the process of analysis and reporting<br \/><\/span><\/strong>The tool allows full control of the whole reporting process (tests results in a real time) and enables efficient allocation change between different levels of support \/ specialisation of people undertaking analysis of results for particular test cases \/ test scripts, resulting in the possibility of substantial savings in delivery time of reports and in the involvement of a team in the area of analysis and reporting of results.<\/li>\n<\/ul>\n<p>[\/et_pb_text][\/et_pb_column][\/et_pb_row][\/et_pb_section][et_pb_section fb_built=&#8221;1&#8243; disabled_on=&#8221;on|on|off&#8221; _builder_version=&#8221;4.9.10&#8243; _module_preset=&#8221;default&#8221; border_width_bottom=&#8221;1px&#8221; border_color_bottom=&#8221;#ededed&#8221;][et_pb_row column_structure=&#8221;1_2,1_2&#8243; _builder_version=&#8221;4.9.10&#8243; _module_preset=&#8221;default&#8221;][et_pb_column type=&#8221;1_2&#8243; _builder_version=&#8221;4.9.10&#8243; _module_preset=&#8221;default&#8221;][et_pb_image src=&#8221;https:\/\/soflab.pl\/wp-content\/uploads\/2021\/08\/tars-how-it-works.png&#8221; title_text=&#8221;tars-how-it-works&#8221; _builder_version=&#8221;4.9.10&#8243; _module_preset=&#8221;default&#8221; transform_translate=&#8221;0px|93px&#8221; transform_translate_linked=&#8221;off&#8221; width=&#8221;81%&#8221; custom_margin=&#8221;||42px|||&#8221; custom_padding=&#8221;|72px||||&#8221;][\/et_pb_image][\/et_pb_column][et_pb_column type=&#8221;1_2&#8243; _builder_version=&#8221;4.9.10&#8243; _module_preset=&#8221;default&#8221;][et_pb_text _builder_version=&#8221;4.9.10&#8243; _module_preset=&#8221;default&#8221; custom_margin=&#8221;|||-187px||&#8221;]<\/p>\n<h2><strong>How does it work?<\/strong><\/h2>\n<p class=\"p1\"><span class=\"s1\">In the solution developed by Soflab Technology, within the tests code framework that is being used, single scripts report results of their performance directly to <span>the<\/span><strong>Soflab TARS<\/strong> tool. This allows for the option to combine them into one consolidated report from multiple parallel threads executed within a set of running scripts.<\/span><\/p>\n<p class=\"p1\"><span class=\"s1\">The beginning of the analysis is possible right after the first script from the running set of tests is performed. There is no need for waiting of the results of all scripts from this set, as it so often happens in standard reporting solutions.<\/span><\/p>\n<p class=\"p1\"><span class=\"s1\">The test automation analyst at the stage of preliminary analysis is able to link analysed results of script run with corresponding defect (due to integration with JIRA), change status of the script execution, and allocation of the analysis to verify at a higher level of support.<\/span><\/p>\n<p class=\"p1\"><span class=\"s1\">After the verification of all scripts from the executed set, a report of tests and analysis results is generated with the option to export it into a <span class=\"Apple-converted-space\"><span>.xls<\/span><\/span> file or inclusion to an e-mail.<\/span><\/p>\n<p>[\/et_pb_text][\/et_pb_column][\/et_pb_row][\/et_pb_section][et_pb_section fb_built=&#8221;1&#8243; disabled_on=&#8221;off|off|on&#8221; _builder_version=&#8221;4.9.10&#8243; _module_preset=&#8221;default&#8221; border_width_bottom=&#8221;1px&#8221; border_color_bottom=&#8221;#ededed&#8221;][et_pb_row column_structure=&#8221;1_2,1_2&#8243; _builder_version=&#8221;4.9.10&#8243; _module_preset=&#8221;default&#8221;][et_pb_column type=&#8221;1_2&#8243; _builder_version=&#8221;4.9.10&#8243; _module_preset=&#8221;default&#8221;][et_pb_image src=&#8221;https:\/\/soflab.pl\/wp-content\/uploads\/2021\/08\/tars-how-it-works.png&#8221; title_text=&#8221;tars-how-it-works&#8221; _builder_version=&#8221;4.9.10&#8243; _module_preset=&#8221;default&#8221; hover_enabled=&#8221;0&#8243; align=&#8221;center&#8221; sticky_enabled=&#8221;0&#8243;][\/et_pb_image][\/et_pb_column][et_pb_column type=&#8221;1_2&#8243; _builder_version=&#8221;4.9.10&#8243; _module_preset=&#8221;default&#8221;][et_pb_text _builder_version=&#8221;4.9.10&#8243; _module_preset=&#8221;default&#8221;]<\/p>\n<h2><strong>How does it work?<\/strong><\/h2>\n<p class=\"p1\"><span class=\"s1\">In the solution developed by Soflab Technology, within the tests code framework that is being used, single scripts report results of their performance directly to <span>the<\/span><strong>Soflab TARS<\/strong> tool. This allows for the option to combine them into one consolidated report from multiple parallel threads executed within a set of running scripts.<\/span><\/p>\n<p class=\"p1\"><span class=\"s1\">The beginning of the analysis is possible right after the first script from the running set of tests is performed. There is no need for waiting of the results of all scripts from this set, as it so often happens in standard reporting solutions.<\/span><\/p>\n<p class=\"p1\"><span class=\"s1\">The test automation analyst at the stage of preliminary analysis is able to link analysed results of script run with corresponding defect (due to integration with JIRA), change status of the script execution, and allocation of the analysis to verify at a higher level of support.<\/span><\/p>\n<p class=\"p1\"><span class=\"s1\">After the verification of all scripts from the executed set, a report of tests and analysis results is generated with the option to export it into a <span class=\"Apple-converted-space\"><span>.xls<\/span><\/span> file or inclusion to an e-mail.<\/span><\/p>\n<p>[\/et_pb_text][\/et_pb_column][\/et_pb_row][\/et_pb_section][et_pb_section fb_built=&#8221;1&#8243; disabled_on=&#8221;on|on|off&#8221; _builder_version=&#8221;4.9.10&#8243; _module_preset=&#8221;default&#8221; border_width_bottom=&#8221;1px&#8221; border_color_bottom=&#8221;#ededed&#8221;][et_pb_row column_structure=&#8221;1_2,1_2&#8243; _builder_version=&#8221;4.9.10&#8243; _module_preset=&#8221;default&#8221;][et_pb_column type=&#8221;1_2&#8243; _builder_version=&#8221;4.9.10&#8243; _module_preset=&#8221;default&#8221;][et_pb_image src=&#8221;https:\/\/soflab.pl\/wp-content\/uploads\/2021\/08\/tars-funkcje-narzedzia-300&#215;396-1.png&#8221; title_text=&#8221;tars-funkcje-narzedzia-300&#215;396&#8243; _builder_version=&#8221;4.9.10&#8243; _module_preset=&#8221;default&#8221; width=&#8221;49.1%&#8221;][\/et_pb_image][\/et_pb_column][et_pb_column type=&#8221;1_2&#8243; _builder_version=&#8221;4.9.10&#8243; _module_preset=&#8221;default&#8221;][et_pb_text _builder_version=&#8221;4.9.10&#8243; _module_preset=&#8221;default&#8221; custom_margin=&#8221;|||-187px||&#8221; custom_padding=&#8221;1px|||||&#8221;]<\/p>\n<h2><strong><span class=\"s1\">Tool functions<\/span><\/strong><\/h2>\n<p class=\"p1\"><strong><span class=\"s1\">Soflab TARS enables:<\/span><\/strong><\/p>\n<ul class=\"cq-list\">\n<li class=\"p1\"><span class=\"s1\">multilevel configuration of roles and permissions in the system\n<p><\/span><\/li>\n<li class=\"p1\"><span class=\"s1\">support of multiple parallel projects\n<p><\/span><\/li>\n<li class=\"p1\"><span class=\"s1\">support for many popular test frameworks\n<p><\/span><\/li>\n<li class=\"p1\"><span class=\"s1\">parameterisation and reporting coverage for any additional attributes of scripts &#8211; impossible, or difficult to be parameterised at the code level\n<p><\/span><\/li>\n<li class=\"p1\"><span class=\"s1\">customisation of the appearance of the report with regard to the reporting of the trend from recent execution at the level of each script\n<p><\/span><\/li>\n<li class=\"p1\"><span class=\"s1\">integration with JIRA in the area of defect reporting and getting information about known issues, leading to a reduction of time for the analysis of the report\n<p><\/span><\/li>\n<li class=\"p1\"><span class=\"s1\">export of the test results along with the analysis to .xls files\n<p><\/span><\/li>\n<li class=\"p1\"><span class=\"s1\">generation of a report view which can be included to an e-mail<\/span><\/li>\n<\/ul>\n<p>[\/et_pb_text][\/et_pb_column][\/et_pb_row][\/et_pb_section][et_pb_section fb_built=&#8221;1&#8243; disabled_on=&#8221;off|off|on&#8221; _builder_version=&#8221;4.9.10&#8243; _module_preset=&#8221;default&#8221; border_width_bottom=&#8221;1px&#8221; border_color_bottom=&#8221;#ededed&#8221;][et_pb_row column_structure=&#8221;1_2,1_2&#8243; _builder_version=&#8221;4.9.10&#8243; _module_preset=&#8221;default&#8221;][et_pb_column type=&#8221;1_2&#8243; _builder_version=&#8221;4.9.10&#8243; _module_preset=&#8221;default&#8221;][et_pb_image src=&#8221;https:\/\/soflab.pl\/wp-content\/uploads\/2021\/08\/tars-funkcje-narzedzia-300&#215;396-1.png&#8221; title_text=&#8221;tars-funkcje-narzedzia-300&#215;396&#8243; _builder_version=&#8221;4.9.10&#8243; _module_preset=&#8221;default&#8221; hover_enabled=&#8221;0&#8243; align=&#8221;center&#8221; sticky_enabled=&#8221;0&#8243;][\/et_pb_image][\/et_pb_column][et_pb_column type=&#8221;1_2&#8243; _builder_version=&#8221;4.9.10&#8243; _module_preset=&#8221;default&#8221;][et_pb_text _builder_version=&#8221;4.9.10&#8243; _module_preset=&#8221;default&#8221;]<\/p>\n<h2><strong><span class=\"s1\">Tool functions<\/span><\/strong><\/h2>\n<p class=\"p1\"><strong><span class=\"s1\">Soflab TARS enables:<\/span><\/strong><\/p>\n<ul class=\"cq-list\">\n<li class=\"p1\"><span class=\"s1\">multilevel configuration of roles and permissions in the system\n<p><\/span><\/li>\n<li class=\"p1\"><span class=\"s1\">support of multiple parallel projects\n<p><\/span><\/li>\n<li class=\"p1\"><span class=\"s1\">support for many popular test frameworks\n<p><\/span><\/li>\n<li class=\"p1\"><span class=\"s1\">parameterisation and reporting coverage for any additional attributes of scripts &#8211; impossible, or difficult to be parameterised at the code level\n<p><\/span><\/li>\n<li class=\"p1\"><span class=\"s1\">customisation of the appearance of the report with regard to the reporting of the trend from recent execution at the level of each script\n<p><\/span><\/li>\n<li class=\"p1\"><span class=\"s1\">integration with JIRA in the area of defect reporting and getting information about known issues, leading to a reduction of time for the analysis of the report\n<p><\/span><\/li>\n<li class=\"p1\"><span class=\"s1\">export of the test results along with the analysis to .xls files\n<p><\/span><\/li>\n<li class=\"p1\"><span class=\"s1\">generation of a report view which can be included to an e-mail<\/span><\/li>\n<\/ul>\n<p>[\/et_pb_text][\/et_pb_column][\/et_pb_row][\/et_pb_section]<\/p>\n","protected":false},"excerpt":{"rendered":"<p>TARS TARSSoflab TARS is a tool developed by Soflab Technology from scratch in order to streamline and accelerate the process of analysis and reporting the results of Automated Tests, especially in the case of work execution by a distributed project team.Advantages of the tool Delivery time reduction of verified results for automated testsIt isideal forprojectsbasedon [&hellip;]<\/p>\n","protected":false},"author":23,"featured_media":0,"parent":0,"menu_order":0,"comment_status":"closed","ping_status":"closed","template":"","meta":{"_et_pb_use_builder":"on","_et_pb_old_content":"","_et_gb_content_width":"","footnotes":""},"class_list":["post-5419","page","type-page","status-publish","hentry"],"yoast_head":"<!-- This site is optimized with the Yoast SEO plugin v27.4 - https:\/\/yoast.com\/product\/yoast-seo-wordpress\/ -->\n<title>TARS - Automation Reporting | Soflab Technology<\/title>\n<meta name=\"description\" content=\"Soflab to firma zajmuj\u0105ca si\u0119 przeprowadzaniem profesjonalnych test\u00f3w oprogramowania i zapewnieniem jako\u015bci system\u00f3w. Wybierz us\u0142ugi najlepszej jako\u015bci!\" \/>\n<meta name=\"robots\" content=\"index, follow, max-snippet:-1, max-image-preview:large, max-video-preview:-1\" \/>\n<link rel=\"canonical\" href=\"https:\/\/soflab.pl\/en\/tars-automation-reporting\/\" \/>\n<meta property=\"og:locale\" content=\"en_US\" \/>\n<meta property=\"og:type\" content=\"article\" \/>\n<meta property=\"og:title\" content=\"TARS - Automation Reporting | Soflab Technology\" \/>\n<meta property=\"og:description\" content=\"Soflab to firma zajmuj\u0105ca si\u0119 przeprowadzaniem profesjonalnych test\u00f3w oprogramowania i zapewnieniem jako\u015bci system\u00f3w. Wybierz us\u0142ugi najlepszej jako\u015bci!\" \/>\n<meta property=\"og:url\" content=\"https:\/\/soflab.pl\/en\/tars-automation-reporting\/\" \/>\n<meta property=\"og:site_name\" content=\"Soflab\" \/>\n<meta property=\"article:publisher\" content=\"https:\/\/www.facebook.com\/SoflabTechnology\" \/>\n<meta property=\"article:modified_time\" content=\"2021-08-18T08:53:57+00:00\" \/>\n<meta name=\"twitter:card\" content=\"summary_large_image\" \/>\n<meta name=\"twitter:label1\" content=\"Est. reading time\" \/>\n\t<meta name=\"twitter:data1\" content=\"9 minutes\" \/>\n<script type=\"application\/ld+json\" class=\"yoast-schema-graph\">{\"@context\":\"https:\\\/\\\/schema.org\",\"@graph\":[{\"@type\":\"WebPage\",\"@id\":\"https:\\\/\\\/soflab.pl\\\/en\\\/tars-automation-reporting\\\/\",\"url\":\"https:\\\/\\\/soflab.pl\\\/en\\\/tars-automation-reporting\\\/\",\"name\":\"TARS - Automation Reporting | Soflab Technology\",\"isPartOf\":{\"@id\":\"https:\\\/\\\/soflab.pl\\\/en\\\/#website\"},\"datePublished\":\"2021-08-18T08:53:55+00:00\",\"dateModified\":\"2021-08-18T08:53:57+00:00\",\"description\":\"Soflab to firma zajmuj\u0105ca si\u0119 przeprowadzaniem profesjonalnych test\u00f3w oprogramowania i zapewnieniem jako\u015bci system\u00f3w. Wybierz us\u0142ugi najlepszej jako\u015bci!\",\"breadcrumb\":{\"@id\":\"https:\\\/\\\/soflab.pl\\\/en\\\/tars-automation-reporting\\\/#breadcrumb\"},\"inLanguage\":\"en-US\",\"potentialAction\":[{\"@type\":\"ReadAction\",\"target\":[\"https:\\\/\\\/soflab.pl\\\/en\\\/tars-automation-reporting\\\/\"]}]},{\"@type\":\"BreadcrumbList\",\"@id\":\"https:\\\/\\\/soflab.pl\\\/en\\\/tars-automation-reporting\\\/#breadcrumb\",\"itemListElement\":[{\"@type\":\"ListItem\",\"position\":1,\"name\":\"Strona g\u0142\u00f3wna\",\"item\":\"https:\\\/\\\/soflab.pl\\\/en\\\/\"},{\"@type\":\"ListItem\",\"position\":2,\"name\":\"TARS &#8211; Automation Reporting\"}]},{\"@type\":\"WebSite\",\"@id\":\"https:\\\/\\\/soflab.pl\\\/en\\\/#website\",\"url\":\"https:\\\/\\\/soflab.pl\\\/en\\\/\",\"name\":\"Soflab\",\"description\":\"Soflab QA &amp; Testing\",\"publisher\":{\"@id\":\"https:\\\/\\\/soflab.pl\\\/en\\\/#organization\"},\"potentialAction\":[{\"@type\":\"SearchAction\",\"target\":{\"@type\":\"EntryPoint\",\"urlTemplate\":\"https:\\\/\\\/soflab.pl\\\/en\\\/?s={search_term_string}\"},\"query-input\":{\"@type\":\"PropertyValueSpecification\",\"valueRequired\":true,\"valueName\":\"search_term_string\"}}],\"inLanguage\":\"en-US\"},{\"@type\":\"Organization\",\"@id\":\"https:\\\/\\\/soflab.pl\\\/en\\\/#organization\",\"name\":\"Soflab\",\"url\":\"https:\\\/\\\/soflab.pl\\\/en\\\/\",\"logo\":{\"@type\":\"ImageObject\",\"inLanguage\":\"en-US\",\"@id\":\"https:\\\/\\\/soflab.pl\\\/en\\\/#\\\/schema\\\/logo\\\/image\\\/\",\"url\":\"https:\\\/\\\/soflab.pl\\\/wp-content\\\/uploads\\\/2021\\\/08\\\/logo-soflab.png\",\"contentUrl\":\"https:\\\/\\\/soflab.pl\\\/wp-content\\\/uploads\\\/2021\\\/08\\\/logo-soflab.png\",\"width\":171,\"height\":35,\"caption\":\"Soflab\"},\"image\":{\"@id\":\"https:\\\/\\\/soflab.pl\\\/en\\\/#\\\/schema\\\/logo\\\/image\\\/\"},\"sameAs\":[\"https:\\\/\\\/www.facebook.com\\\/SoflabTechnology\",\"https:\\\/\\\/www.linkedin.com\\\/company\\\/soflab-technology-sp--z-o-o-\"]}]}<\/script>\n<!-- \/ Yoast SEO plugin. -->","yoast_head_json":{"title":"TARS - Automation Reporting | Soflab Technology","description":"Soflab to firma zajmuj\u0105ca si\u0119 przeprowadzaniem profesjonalnych test\u00f3w oprogramowania i zapewnieniem jako\u015bci system\u00f3w. Wybierz us\u0142ugi najlepszej jako\u015bci!","robots":{"index":"index","follow":"follow","max-snippet":"max-snippet:-1","max-image-preview":"max-image-preview:large","max-video-preview":"max-video-preview:-1"},"canonical":"https:\/\/soflab.pl\/en\/tars-automation-reporting\/","og_locale":"en_US","og_type":"article","og_title":"TARS - Automation Reporting | Soflab Technology","og_description":"Soflab to firma zajmuj\u0105ca si\u0119 przeprowadzaniem profesjonalnych test\u00f3w oprogramowania i zapewnieniem jako\u015bci system\u00f3w. Wybierz us\u0142ugi najlepszej jako\u015bci!","og_url":"https:\/\/soflab.pl\/en\/tars-automation-reporting\/","og_site_name":"Soflab","article_publisher":"https:\/\/www.facebook.com\/SoflabTechnology","article_modified_time":"2021-08-18T08:53:57+00:00","twitter_card":"summary_large_image","twitter_misc":{"Est. reading time":"9 minutes"},"schema":{"@context":"https:\/\/schema.org","@graph":[{"@type":"WebPage","@id":"https:\/\/soflab.pl\/en\/tars-automation-reporting\/","url":"https:\/\/soflab.pl\/en\/tars-automation-reporting\/","name":"TARS - Automation Reporting | Soflab Technology","isPartOf":{"@id":"https:\/\/soflab.pl\/en\/#website"},"datePublished":"2021-08-18T08:53:55+00:00","dateModified":"2021-08-18T08:53:57+00:00","description":"Soflab to firma zajmuj\u0105ca si\u0119 przeprowadzaniem profesjonalnych test\u00f3w oprogramowania i zapewnieniem jako\u015bci system\u00f3w. Wybierz us\u0142ugi najlepszej jako\u015bci!","breadcrumb":{"@id":"https:\/\/soflab.pl\/en\/tars-automation-reporting\/#breadcrumb"},"inLanguage":"en-US","potentialAction":[{"@type":"ReadAction","target":["https:\/\/soflab.pl\/en\/tars-automation-reporting\/"]}]},{"@type":"BreadcrumbList","@id":"https:\/\/soflab.pl\/en\/tars-automation-reporting\/#breadcrumb","itemListElement":[{"@type":"ListItem","position":1,"name":"Strona g\u0142\u00f3wna","item":"https:\/\/soflab.pl\/en\/"},{"@type":"ListItem","position":2,"name":"TARS &#8211; Automation Reporting"}]},{"@type":"WebSite","@id":"https:\/\/soflab.pl\/en\/#website","url":"https:\/\/soflab.pl\/en\/","name":"Soflab","description":"Soflab QA &amp; Testing","publisher":{"@id":"https:\/\/soflab.pl\/en\/#organization"},"potentialAction":[{"@type":"SearchAction","target":{"@type":"EntryPoint","urlTemplate":"https:\/\/soflab.pl\/en\/?s={search_term_string}"},"query-input":{"@type":"PropertyValueSpecification","valueRequired":true,"valueName":"search_term_string"}}],"inLanguage":"en-US"},{"@type":"Organization","@id":"https:\/\/soflab.pl\/en\/#organization","name":"Soflab","url":"https:\/\/soflab.pl\/en\/","logo":{"@type":"ImageObject","inLanguage":"en-US","@id":"https:\/\/soflab.pl\/en\/#\/schema\/logo\/image\/","url":"https:\/\/soflab.pl\/wp-content\/uploads\/2021\/08\/logo-soflab.png","contentUrl":"https:\/\/soflab.pl\/wp-content\/uploads\/2021\/08\/logo-soflab.png","width":171,"height":35,"caption":"Soflab"},"image":{"@id":"https:\/\/soflab.pl\/en\/#\/schema\/logo\/image\/"},"sameAs":["https:\/\/www.facebook.com\/SoflabTechnology","https:\/\/www.linkedin.com\/company\/soflab-technology-sp--z-o-o-"]}]}},"_links":{"self":[{"href":"https:\/\/soflab.pl\/en\/wp-json\/wp\/v2\/pages\/5419","targetHints":{"allow":["GET"]}}],"collection":[{"href":"https:\/\/soflab.pl\/en\/wp-json\/wp\/v2\/pages"}],"about":[{"href":"https:\/\/soflab.pl\/en\/wp-json\/wp\/v2\/types\/page"}],"author":[{"embeddable":true,"href":"https:\/\/soflab.pl\/en\/wp-json\/wp\/v2\/users\/23"}],"replies":[{"embeddable":true,"href":"https:\/\/soflab.pl\/en\/wp-json\/wp\/v2\/comments?post=5419"}],"version-history":[{"count":2,"href":"https:\/\/soflab.pl\/en\/wp-json\/wp\/v2\/pages\/5419\/revisions"}],"predecessor-version":[{"id":5421,"href":"https:\/\/soflab.pl\/en\/wp-json\/wp\/v2\/pages\/5419\/revisions\/5421"}],"wp:attachment":[{"href":"https:\/\/soflab.pl\/en\/wp-json\/wp\/v2\/media?parent=5419"}],"curies":[{"name":"wp","href":"https:\/\/api.w.org\/{rel}","templated":true}]}}