{"id":5388,"date":"2021-08-18T10:32:35","date_gmt":"2021-08-18T08:32:35","guid":{"rendered":"https:\/\/soflab.pl\/products\/"},"modified":"2025-10-29T15:36:40","modified_gmt":"2025-10-29T14:36:40","slug":"products","status":"publish","type":"page","link":"https:\/\/soflab.pl\/en\/products\/","title":{"rendered":"PRODUCTS"},"content":{"rendered":"<p>[et_pb_section fb_built=&#8221;1&#8243; _builder_version=&#8221;4.16&#8243; _module_preset=&#8221;default&#8221; da_disable_devices=&#8221;off|off|off&#8221; global_colors_info=&#8221;{}&#8221; da_is_popup=&#8221;off&#8221; da_exit_intent=&#8221;off&#8221; da_has_close=&#8221;on&#8221; da_alt_close=&#8221;off&#8221; da_dark_close=&#8221;off&#8221; da_not_modal=&#8221;on&#8221; da_is_singular=&#8221;off&#8221; da_with_loader=&#8221;off&#8221; da_has_shadow=&#8221;on&#8221;][et_pb_row _builder_version=&#8221;4.16&#8243; _module_preset=&#8221;default&#8221; global_colors_info=&#8221;{}&#8221;][et_pb_column type=&#8221;4_4&#8243; _builder_version=&#8221;4.16&#8243; _module_preset=&#8221;default&#8221; global_colors_info=&#8221;{}&#8221;][et_pb_text _builder_version=&#8221;4.16&#8243; _module_preset=&#8221;default&#8221; border_width_bottom=&#8221;1px&#8221; border_color_bottom=&#8221;#f26522&#8243; global_colors_info=&#8221;{}&#8221;]<\/p>\n<h1><strong>PRODUCTS<\/strong><\/h1>\n<p>[\/et_pb_text][\/et_pb_column][\/et_pb_row][et_pb_row column_structure=&#8221;1_2,1_2&#8243; _builder_version=&#8221;4.16&#8243; _module_preset=&#8221;default&#8221; global_colors_info=&#8221;{}&#8221;][et_pb_column type=&#8221;1_2&#8243; _builder_version=&#8221;4.16&#8243; _module_preset=&#8221;default&#8221; global_colors_info=&#8221;{}&#8221;][et_pb_blurb title=&#8221;DATA MASKING&#8221; url=&#8221;https:\/\/soflab.pl\/en\/data-anonymization-soflab-gall\/&#8221; image=&#8221;https:\/\/soflab.pl\/wp-content\/uploads\/2021\/08\/MASKOWANIE.png&#8221; _builder_version=&#8221;4.27.4&#8243; _module_preset=&#8221;default&#8221; header_font=&#8221;|700|||||||&#8221; header_text_align=&#8221;center&#8221; text_orientation=&#8221;center&#8221; hover_enabled=&#8221;0&#8243; global_colors_info=&#8221;{}&#8221; link_option_url=&#8221;https:\/\/soflab.pl\/en\/data-anonymization-soflab-gall\/&#8221; sticky_enabled=&#8221;0&#8243;]<\/p>\n<p><span>Soflab GALL enables programming and testing teams to\u00a0use databases containing credible information that are secure thanks to\u00a0anonymization while maintaining their consistency. It also allows for pseudonymization and exercising the right to\u00a0be\u00a0forgotten in\u00a0non-production environments. <\/span><\/p>\n<p>[\/et_pb_blurb][\/et_pb_column][et_pb_column type=&#8221;1_2&#8243; _builder_version=&#8221;4.16&#8243; _module_preset=&#8221;default&#8221; global_colors_info=&#8221;{}&#8221;][et_pb_blurb title=&#8221;CONTINUOUS QUALITY&#8221; url=&#8221;@ET-DC@eyJkeW5hbWljIjp0cnVlLCJjb250ZW50IjoicG9zdF9saW5rX3VybF9wYWdlIiwic2V0dGluZ3MiOnsicG9zdF9pZCI6IjUzMjQifX0=@&#8221; image=&#8221;https:\/\/soflab.pl\/wp-content\/uploads\/2021\/08\/CONTINUOUS.png&#8221; _builder_version=&#8221;4.16&#8243; _dynamic_attributes=&#8221;url&#8221; _module_preset=&#8221;default&#8221; header_font=&#8221;|700|||||||&#8221; header_text_align=&#8221;center&#8221; text_orientation=&#8221;center&#8221; global_colors_info=&#8221;{}&#8221;]<\/p>\n<p><span>Continuous Quality is the idea of continuous and automated software quality control during the entire software development process, while reducing the risk of errors and the costs of repairing defects.<\/span><\/p>\n<p>[\/et_pb_blurb][\/et_pb_column][\/et_pb_row][et_pb_row _builder_version=&#8221;4.16&#8243; _module_preset=&#8221;default&#8221; global_colors_info=&#8221;{}&#8221;][et_pb_column type=&#8221;4_4&#8243; _builder_version=&#8221;4.16&#8243; _module_preset=&#8221;default&#8221; global_colors_info=&#8221;{}&#8221;][et_pb_blurb title=&#8221;TARS&#8221; url=&#8221;@ET-DC@eyJkeW5hbWljIjp0cnVlLCJjb250ZW50IjoicG9zdF9saW5rX3VybF9wYWdlIiwic2V0dGluZ3MiOnsicG9zdF9pZCI6IjU0MTkifX0=@&#8221; image=&#8221;https:\/\/soflab.pl\/wp-content\/uploads\/2021\/08\/TARS.png&#8221; _builder_version=&#8221;4.16&#8243; _dynamic_attributes=&#8221;url&#8221; _module_preset=&#8221;default&#8221; header_font=&#8221;|700|||||||&#8221; header_text_align=&#8221;center&#8221; text_orientation=&#8221;center&#8221; global_colors_info=&#8221;{}&#8221;]<\/p>\n<p><span>Soflab TARS is a&nbsp;tool developed by&nbsp;Soflab Technology from scratch in&nbsp;order to&nbsp;streamline and accelerate the process of analysis and reporting the results of Automated Tests, especially in&nbsp;the case of work execution by&nbsp;a&nbsp;distributed project team.<\/span><\/p>\n<p>[\/et_pb_blurb][\/et_pb_column][\/et_pb_row][et_pb_row column_structure=&#8221;1_2,1_2&#8243; disabled_on=&#8221;on|on|on&#8221; _builder_version=&#8221;4.16&#8243; _module_preset=&#8221;default&#8221; disabled=&#8221;on&#8221; global_colors_info=&#8221;{}&#8221;][et_pb_column type=&#8221;1_2&#8243; _builder_version=&#8221;4.16&#8243; _module_preset=&#8221;default&#8221; global_colors_info=&#8221;{}&#8221;][\/et_pb_column][et_pb_column type=&#8221;1_2&#8243; _builder_version=&#8221;4.16&#8243; _module_preset=&#8221;default&#8221; global_colors_info=&#8221;{}&#8221;][et_pb_blurb title=&#8221;ATLASSIAN LICENSES&#8221; url=&#8221;@ET-DC@eyJkeW5hbWljIjp0cnVlLCJjb250ZW50IjoicG9zdF9saW5rX3VybF9wYWdlIiwic2V0dGluZ3MiOnsicG9zdF9pZCI6IjYwNDkifX0=@&#8221; image=&#8221;https:\/\/soflab.pl\/wp-content\/uploads\/2021\/08\/ATLASSIAN.png&#8221; _builder_version=&#8221;4.16&#8243; _dynamic_attributes=&#8221;url&#8221; _module_preset=&#8221;default&#8221; header_font=&#8221;|700|||||||&#8221; header_text_align=&#8221;center&#8221; text_orientation=&#8221;center&#8221; global_colors_info=&#8221;{}&#8221;]<\/p>\n<p><span>Soflab as&nbsp;Atlassian Silver Solution Partner offers all products from the wide Atlassian offer. We&nbsp;have favorable conditions to&nbsp;purchase a&nbsp;license. Soflab helps in&nbsp;the installation and configuration. We&nbsp;also customize tools to&nbsp;special Clients requirements and prepare training for administrators and end users. <\/span><\/p>\n<p>[\/et_pb_blurb][\/et_pb_column][\/et_pb_row][et_pb_row column_structure=&#8221;1_2,1_2&#8243; disabled_on=&#8221;on|on|on&#8221; _builder_version=&#8221;4.16&#8243; _module_preset=&#8221;default&#8221; disabled=&#8221;on&#8221; global_colors_info=&#8221;{}&#8221;][et_pb_column type=&#8221;1_2&#8243; _builder_version=&#8221;4.16&#8243; _module_preset=&#8221;default&#8221; global_colors_info=&#8221;{}&#8221;][et_pb_blurb title=&#8221;Soflab RMS (Robot Management System)&#8221; url=&#8221;@ET-DC@eyJkeW5hbWljIjp0cnVlLCJjb250ZW50IjoicG9zdF9saW5rX3VybF9wYWdlIiwic2V0dGluZ3MiOnsicG9zdF9pZCI6IjUyODUifX0=@&#8221; image=&#8221;https:\/\/soflab.pl\/wp-content\/uploads\/2021\/08\/RMS.png&#8221; _builder_version=&#8221;4.16&#8243; _dynamic_attributes=&#8221;url&#8221; _module_preset=&#8221;default&#8221; header_font=&#8221;|700|||||||&#8221; header_text_align=&#8221;center&#8221; text_orientation=&#8221;center&#8221; global_colors_info=&#8221;{}&#8221;]<\/p>\n<p><span>Soflab RMS (Robot Management System) is not only a&nbsp;tool but also a&nbsp;methodology of implementing RPA class solutions for our Clients. This product allows for monitoring and management of robots and robotic farms, regardless of the technology used. <\/span><\/p>\n<p>[\/et_pb_blurb][\/et_pb_column][et_pb_column type=&#8221;1_2&#8243; _builder_version=&#8221;4.16&#8243; _module_preset=&#8221;default&#8221; global_colors_info=&#8221;{}&#8221;][et_pb_blurb title=&#8221;TEST MATRIX&#8221; url=&#8221;@ET-DC@eyJkeW5hbWljIjp0cnVlLCJjb250ZW50IjoicG9zdF9saW5rX3VybF9wYWdlIiwic2V0dGluZ3MiOnsicG9zdF9pZCI6IjUzNTcifX0=@&#8221; image=&#8221;https:\/\/soflab.pl\/wp-content\/uploads\/2021\/08\/MATRYCA.png&#8221; _builder_version=&#8221;4.16&#8243; _dynamic_attributes=&#8221;url&#8221; _module_preset=&#8221;default&#8221; header_font=&#8221;|700|||||||&#8221; header_text_align=&#8221;center&#8221; text_orientation=&#8221;center&#8221; global_colors_info=&#8221;{}&#8221;]<\/p>\n<p><span>Test Matrix is a&nbsp;tool developed from scratch by&nbsp;Soflab Technology for supporting the test planning process,test scope optimisation, traceability, and advanced reporting based on&nbsp;the association of the objects.<\/span><\/p>\n<p>[\/et_pb_blurb][\/et_pb_column][\/et_pb_row][et_pb_row column_structure=&#8221;1_2,1_2&#8243; disabled_on=&#8221;on|on|on&#8221; _builder_version=&#8221;4.16&#8243; _module_preset=&#8221;default&#8221; disabled=&#8221;on&#8221; global_colors_info=&#8221;{}&#8221;][et_pb_column type=&#8221;1_2&#8243; _builder_version=&#8221;4.16&#8243; _module_preset=&#8221;default&#8221; global_colors_info=&#8221;{}&#8221;][et_pb_blurb title=&#8221;ABNF&#8221; url=&#8221;@ET-DC@eyJkeW5hbWljIjp0cnVlLCJjb250ZW50IjoicG9zdF9saW5rX3VybF9wYWdlIiwic2V0dGluZ3MiOnsicG9zdF9pZCI6IjUyOTQifX0=@&#8221; image=&#8221;https:\/\/soflab.pl\/wp-content\/uploads\/2021\/08\/ABNF.png&#8221; _builder_version=&#8221;4.16&#8243; _dynamic_attributes=&#8221;url&#8221; _module_preset=&#8221;default&#8221; header_font=&#8221;|700|||||||&#8221; header_text_align=&#8221;center&#8221; text_orientation=&#8221;center&#8221; global_colors_info=&#8221;{}&#8221;]<\/p>\n<p>I<span>t is a&nbsp;tool created for the purpose of verification of the flat file type ABNF<\/span><span class=\"Apple-converted-space\">,<\/span> <span>through which we&nbsp;are able to&nbsp;quickly and simply verify<\/span><span class=\"Apple-converted-space\">the<\/span><span>data contained<\/span> <span class=\"Apple-converted-space\"><span>in<\/span><\/span><span>them, as&nbsp;well as&nbsp;the file structure based on&nbsp;selected rules.<\/span><\/p>\n<p>[\/et_pb_blurb][\/et_pb_column][et_pb_column type=&#8221;1_2&#8243; _builder_version=&#8221;4.16&#8243; _module_preset=&#8221;default&#8221; global_colors_info=&#8221;{}&#8221;][\/et_pb_column][\/et_pb_row][\/et_pb_section]<\/p>\n","protected":false},"excerpt":{"rendered":"<p>PRODUCTSSoflab GALL enables programming and testing teams to\u00a0use databases containing credible information that are secure thanks to\u00a0anonymization while maintaining their consistency. It also allows for pseudonymization and exercising the right to\u00a0be\u00a0forgotten in\u00a0non-production environments. Continuous Quality is the idea of continuous and automated software quality control during the entire software development process, while reducing the risk [&hellip;]<\/p>\n","protected":false},"author":23,"featured_media":0,"parent":0,"menu_order":0,"comment_status":"closed","ping_status":"closed","template":"","meta":{"_et_pb_use_builder":"on","_et_pb_old_content":"","_et_gb_content_width":"","footnotes":""},"class_list":["post-5388","page","type-page","status-publish","hentry"],"yoast_head":"<!-- This site is optimized with the Yoast SEO plugin v27.4 - https:\/\/yoast.com\/product\/yoast-seo-wordpress\/ -->\n<title>PRODUCTS | Soflab Technology<\/title>\n<meta name=\"description\" content=\"Soflab to firma zajmuj\u0105ca si\u0119 przeprowadzaniem profesjonalnych test\u00f3w oprogramowania i zapewnieniem jako\u015bci system\u00f3w. Wybierz us\u0142ugi najlepszej jako\u015bci!\" \/>\n<meta name=\"robots\" content=\"index, follow, max-snippet:-1, max-image-preview:large, max-video-preview:-1\" \/>\n<link rel=\"canonical\" href=\"https:\/\/soflab.pl\/en\/products\/\" \/>\n<meta property=\"og:locale\" content=\"en_US\" \/>\n<meta property=\"og:type\" content=\"article\" \/>\n<meta property=\"og:title\" content=\"PRODUCTS | Soflab Technology\" \/>\n<meta property=\"og:description\" content=\"Soflab to firma zajmuj\u0105ca si\u0119 przeprowadzaniem profesjonalnych test\u00f3w oprogramowania i zapewnieniem jako\u015bci system\u00f3w. Wybierz us\u0142ugi najlepszej jako\u015bci!\" \/>\n<meta property=\"og:url\" content=\"https:\/\/soflab.pl\/en\/products\/\" \/>\n<meta property=\"og:site_name\" content=\"Soflab\" \/>\n<meta property=\"article:publisher\" content=\"https:\/\/www.facebook.com\/SoflabTechnology\" \/>\n<meta property=\"article:modified_time\" content=\"2025-10-29T14:36:40+00:00\" \/>\n<meta name=\"twitter:card\" content=\"summary_large_image\" \/>\n<meta name=\"twitter:label1\" content=\"Est. reading time\" \/>\n\t<meta name=\"twitter:data1\" content=\"5 minutes\" \/>\n<script type=\"application\/ld+json\" class=\"yoast-schema-graph\">{\"@context\":\"https:\\\/\\\/schema.org\",\"@graph\":[{\"@type\":\"WebPage\",\"@id\":\"https:\\\/\\\/soflab.pl\\\/en\\\/products\\\/\",\"url\":\"https:\\\/\\\/soflab.pl\\\/en\\\/products\\\/\",\"name\":\"PRODUCTS | Soflab Technology\",\"isPartOf\":{\"@id\":\"https:\\\/\\\/soflab.pl\\\/en\\\/#website\"},\"datePublished\":\"2021-08-18T08:32:35+00:00\",\"dateModified\":\"2025-10-29T14:36:40+00:00\",\"description\":\"Soflab to firma zajmuj\u0105ca si\u0119 przeprowadzaniem profesjonalnych test\u00f3w oprogramowania i zapewnieniem jako\u015bci system\u00f3w. Wybierz us\u0142ugi najlepszej jako\u015bci!\",\"breadcrumb\":{\"@id\":\"https:\\\/\\\/soflab.pl\\\/en\\\/products\\\/#breadcrumb\"},\"inLanguage\":\"en-US\",\"potentialAction\":[{\"@type\":\"ReadAction\",\"target\":[\"https:\\\/\\\/soflab.pl\\\/en\\\/products\\\/\"]}]},{\"@type\":\"BreadcrumbList\",\"@id\":\"https:\\\/\\\/soflab.pl\\\/en\\\/products\\\/#breadcrumb\",\"itemListElement\":[{\"@type\":\"ListItem\",\"position\":1,\"name\":\"Strona g\u0142\u00f3wna\",\"item\":\"https:\\\/\\\/soflab.pl\\\/en\\\/\"},{\"@type\":\"ListItem\",\"position\":2,\"name\":\"PRODUCTS\"}]},{\"@type\":\"WebSite\",\"@id\":\"https:\\\/\\\/soflab.pl\\\/en\\\/#website\",\"url\":\"https:\\\/\\\/soflab.pl\\\/en\\\/\",\"name\":\"Soflab\",\"description\":\"Soflab QA &amp; Testing\",\"publisher\":{\"@id\":\"https:\\\/\\\/soflab.pl\\\/en\\\/#organization\"},\"potentialAction\":[{\"@type\":\"SearchAction\",\"target\":{\"@type\":\"EntryPoint\",\"urlTemplate\":\"https:\\\/\\\/soflab.pl\\\/en\\\/?s={search_term_string}\"},\"query-input\":{\"@type\":\"PropertyValueSpecification\",\"valueRequired\":true,\"valueName\":\"search_term_string\"}}],\"inLanguage\":\"en-US\"},{\"@type\":\"Organization\",\"@id\":\"https:\\\/\\\/soflab.pl\\\/en\\\/#organization\",\"name\":\"Soflab\",\"url\":\"https:\\\/\\\/soflab.pl\\\/en\\\/\",\"logo\":{\"@type\":\"ImageObject\",\"inLanguage\":\"en-US\",\"@id\":\"https:\\\/\\\/soflab.pl\\\/en\\\/#\\\/schema\\\/logo\\\/image\\\/\",\"url\":\"https:\\\/\\\/soflab.pl\\\/wp-content\\\/uploads\\\/2021\\\/08\\\/logo-soflab.png\",\"contentUrl\":\"https:\\\/\\\/soflab.pl\\\/wp-content\\\/uploads\\\/2021\\\/08\\\/logo-soflab.png\",\"width\":171,\"height\":35,\"caption\":\"Soflab\"},\"image\":{\"@id\":\"https:\\\/\\\/soflab.pl\\\/en\\\/#\\\/schema\\\/logo\\\/image\\\/\"},\"sameAs\":[\"https:\\\/\\\/www.facebook.com\\\/SoflabTechnology\",\"https:\\\/\\\/www.linkedin.com\\\/company\\\/soflab-technology-sp--z-o-o-\"]}]}<\/script>\n<!-- \/ Yoast SEO plugin. -->","yoast_head_json":{"title":"PRODUCTS | Soflab Technology","description":"Soflab to firma zajmuj\u0105ca si\u0119 przeprowadzaniem profesjonalnych test\u00f3w oprogramowania i zapewnieniem jako\u015bci system\u00f3w. Wybierz us\u0142ugi najlepszej jako\u015bci!","robots":{"index":"index","follow":"follow","max-snippet":"max-snippet:-1","max-image-preview":"max-image-preview:large","max-video-preview":"max-video-preview:-1"},"canonical":"https:\/\/soflab.pl\/en\/products\/","og_locale":"en_US","og_type":"article","og_title":"PRODUCTS | Soflab Technology","og_description":"Soflab to firma zajmuj\u0105ca si\u0119 przeprowadzaniem profesjonalnych test\u00f3w oprogramowania i zapewnieniem jako\u015bci system\u00f3w. Wybierz us\u0142ugi najlepszej jako\u015bci!","og_url":"https:\/\/soflab.pl\/en\/products\/","og_site_name":"Soflab","article_publisher":"https:\/\/www.facebook.com\/SoflabTechnology","article_modified_time":"2025-10-29T14:36:40+00:00","twitter_card":"summary_large_image","twitter_misc":{"Est. reading time":"5 minutes"},"schema":{"@context":"https:\/\/schema.org","@graph":[{"@type":"WebPage","@id":"https:\/\/soflab.pl\/en\/products\/","url":"https:\/\/soflab.pl\/en\/products\/","name":"PRODUCTS | Soflab Technology","isPartOf":{"@id":"https:\/\/soflab.pl\/en\/#website"},"datePublished":"2021-08-18T08:32:35+00:00","dateModified":"2025-10-29T14:36:40+00:00","description":"Soflab to firma zajmuj\u0105ca si\u0119 przeprowadzaniem profesjonalnych test\u00f3w oprogramowania i zapewnieniem jako\u015bci system\u00f3w. Wybierz us\u0142ugi najlepszej jako\u015bci!","breadcrumb":{"@id":"https:\/\/soflab.pl\/en\/products\/#breadcrumb"},"inLanguage":"en-US","potentialAction":[{"@type":"ReadAction","target":["https:\/\/soflab.pl\/en\/products\/"]}]},{"@type":"BreadcrumbList","@id":"https:\/\/soflab.pl\/en\/products\/#breadcrumb","itemListElement":[{"@type":"ListItem","position":1,"name":"Strona g\u0142\u00f3wna","item":"https:\/\/soflab.pl\/en\/"},{"@type":"ListItem","position":2,"name":"PRODUCTS"}]},{"@type":"WebSite","@id":"https:\/\/soflab.pl\/en\/#website","url":"https:\/\/soflab.pl\/en\/","name":"Soflab","description":"Soflab QA &amp; Testing","publisher":{"@id":"https:\/\/soflab.pl\/en\/#organization"},"potentialAction":[{"@type":"SearchAction","target":{"@type":"EntryPoint","urlTemplate":"https:\/\/soflab.pl\/en\/?s={search_term_string}"},"query-input":{"@type":"PropertyValueSpecification","valueRequired":true,"valueName":"search_term_string"}}],"inLanguage":"en-US"},{"@type":"Organization","@id":"https:\/\/soflab.pl\/en\/#organization","name":"Soflab","url":"https:\/\/soflab.pl\/en\/","logo":{"@type":"ImageObject","inLanguage":"en-US","@id":"https:\/\/soflab.pl\/en\/#\/schema\/logo\/image\/","url":"https:\/\/soflab.pl\/wp-content\/uploads\/2021\/08\/logo-soflab.png","contentUrl":"https:\/\/soflab.pl\/wp-content\/uploads\/2021\/08\/logo-soflab.png","width":171,"height":35,"caption":"Soflab"},"image":{"@id":"https:\/\/soflab.pl\/en\/#\/schema\/logo\/image\/"},"sameAs":["https:\/\/www.facebook.com\/SoflabTechnology","https:\/\/www.linkedin.com\/company\/soflab-technology-sp--z-o-o-"]}]}},"_links":{"self":[{"href":"https:\/\/soflab.pl\/en\/wp-json\/wp\/v2\/pages\/5388","targetHints":{"allow":["GET"]}}],"collection":[{"href":"https:\/\/soflab.pl\/en\/wp-json\/wp\/v2\/pages"}],"about":[{"href":"https:\/\/soflab.pl\/en\/wp-json\/wp\/v2\/types\/page"}],"author":[{"embeddable":true,"href":"https:\/\/soflab.pl\/en\/wp-json\/wp\/v2\/users\/23"}],"replies":[{"embeddable":true,"href":"https:\/\/soflab.pl\/en\/wp-json\/wp\/v2\/comments?post=5388"}],"version-history":[{"count":30,"href":"https:\/\/soflab.pl\/en\/wp-json\/wp\/v2\/pages\/5388\/revisions"}],"predecessor-version":[{"id":247741,"href":"https:\/\/soflab.pl\/en\/wp-json\/wp\/v2\/pages\/5388\/revisions\/247741"}],"wp:attachment":[{"href":"https:\/\/soflab.pl\/en\/wp-json\/wp\/v2\/media?parent=5388"}],"curies":[{"name":"wp","href":"https:\/\/api.w.org\/{rel}","templated":true}]}}