{"id":5383,"date":"2021-08-18T10:27:09","date_gmt":"2021-08-18T08:27:09","guid":{"rendered":"https:\/\/soflab.pl\/partners\/"},"modified":"2025-12-03T15:54:00","modified_gmt":"2025-12-03T14:54:00","slug":"partners-2","status":"publish","type":"page","link":"https:\/\/soflab.pl\/en\/partners-2\/","title":{"rendered":"PARTNERS"},"content":{"rendered":"<p>[et_pb_section fb_built=&#8221;1&#8243; custom_padding_last_edited=&#8221;on|phone&#8221; disabled_on=&#8221;off|off|off&#8221; admin_label=&#8221;Sekcja&#8221; _builder_version=&#8221;4.27.4&#8243; _module_preset=&#8221;default&#8221; background_image=&#8221;https:\/\/soflab.pl\/wp-content\/uploads\/2025\/01\/partnerstwo-12.png&#8221; custom_margin=&#8221;0px||0px||true|false&#8221; custom_margin_last_edited=&#8221;off|desktop&#8221; custom_padding=&#8221;83px||0px||false|false&#8221; custom_padding_tablet=&#8221;0px||0px||true|false&#8221; custom_padding_phone=&#8221;40px||40px||true|false&#8221; da_disable_devices=&#8221;off|off|off&#8221; locked=&#8221;off&#8221; global_colors_info=&#8221;{}&#8221; da_is_popup=&#8221;off&#8221; da_exit_intent=&#8221;off&#8221; da_has_close=&#8221;on&#8221; da_alt_close=&#8221;off&#8221; da_dark_close=&#8221;off&#8221; da_not_modal=&#8221;on&#8221; da_is_singular=&#8221;off&#8221; da_with_loader=&#8221;off&#8221; da_has_shadow=&#8221;on&#8221;][et_pb_row column_structure=&#8221;1_2,1_2&#8243; _builder_version=&#8221;4.27.4&#8243; _module_preset=&#8221;default&#8221; custom_padding=&#8221;||100px||false|false&#8221; global_colors_info=&#8221;{}&#8221;][et_pb_column type=&#8221;1_2&#8243; _builder_version=&#8221;4.27.4&#8243; _module_preset=&#8221;default&#8221; custom_padding=&#8221;40px||||false|false&#8221; custom_padding_tablet=&#8221;40px||||false|false&#8221; custom_padding_phone=&#8221;0px||||false|false&#8221; custom_padding_last_edited=&#8221;on|phone&#8221; global_colors_info=&#8221;{}&#8221;][et_pb_text _builder_version=&#8221;4.27.4&#8243; _module_preset=&#8221;default&#8221; text_font=&#8221;|300|||||||&#8221; text_text_color=&#8221;#0025a8&#8243; text_font_size=&#8221;18px&#8221; text_letter_spacing=&#8221;1px&#8221; text_line_height=&#8221;1.6em&#8221; header_text_color=&#8221;#0025a8&#8243; header_font_size=&#8221;40px&#8221; header_letter_spacing=&#8221;-1px&#8221; header_line_height=&#8221;1.2em&#8221; global_colors_info=&#8221;{}&#8221; text_text_color__hover_enabled=&#8221;on|desktop&#8221; text_text_color__hover=&#8221;#0025a8&#8243;]<\/p>\n<h1><span>Partnerships and Essential Technology Tools<\/span><\/h1>\n<p>[\/et_pb_text][et_pb_button button_url=&#8221;#konsultacjapl&#8221; button_text=&#8221;Schedule a\u00a0free consultation&#8221; _builder_version=&#8221;4.27.4&#8243; _module_preset=&#8221;default&#8221; custom_button=&#8221;on&#8221; button_text_size=&#8221;18px&#8221; button_text_color=&#8221;#FFFFFF&#8221; button_bg_color=&#8221;#f26522&#8243; button_border_color=&#8221;#e45400&#8243; button_border_radius=&#8221;0px&#8221; button_use_icon=&#8221;off&#8221; background_layout=&#8221;dark&#8221; custom_padding=&#8221;10px|20px|10px|20px|true|true&#8221; button_text_color_last_edited=&#8221;off|desktop&#8221; global_colors_info=&#8221;{}&#8221; button_text_color__hover_enabled=&#8221;on|hover&#8221; button_text_color__hover=&#8221;#f26522&#8243; button_bg_color__hover_enabled=&#8221;on|hover&#8221; button_bg_color__hover=&#8221;#FFFFFF&#8221; button_bg_enable_color__hover=&#8221;on&#8221;][\/et_pb_button][\/et_pb_column][et_pb_column type=&#8221;1_2&#8243; _builder_version=&#8221;4.27.4&#8243; _module_preset=&#8221;default&#8221; global_colors_info=&#8221;{}&#8221;][et_pb_code _builder_version=&#8221;4.27.4&#8243; _module_preset=&#8221;default&#8221; global_colors_info=&#8221;{}&#8221;]<\/p>\n<div class=\"slider-container\"><!-- [et_pb_line_break_holder] -->  <button class=\"arrow arrow-left\"><<\/button><!-- [et_pb_line_break_holder] -->  <\/p>\n<div class=\"slide-box\"><!-- [et_pb_line_break_holder] -->    <a href=\"https:\/\/soflab.pl\/en\/dynatrace\/\" target=\"_blank\"><!-- [et_pb_line_break_holder] -->      <img decoding=\"async\" src=\"https:\/\/soflab.pl\/wp-content\/uploads\/2025\/11\/dynatrace.png\" alt=\"Dynatrace\"><!-- [et_pb_line_break_holder] -->    <\/a><!-- [et_pb_line_break_holder] -->  <\/div>\n<p><!-- [et_pb_line_break_holder] -->  <button class=\"arrow arrow-right\">><\/button><!-- [et_pb_line_break_holder] --><\/div>\n<p><!-- [et_pb_line_break_holder] --><!-- [et_pb_line_break_holder] --><\/p>\n<style><!-- [et_pb_line_break_holder] -->  .slider-container {<!-- [et_pb_line_break_holder] -->    display: flex;<!-- [et_pb_line_break_holder] -->    align-items: center;<!-- [et_pb_line_break_holder] -->    justify-content: center;<!-- [et_pb_line_break_holder] -->    gap: 10px;<!-- [et_pb_line_break_holder] -->    max-width: 500px;<!-- [et_pb_line_break_holder] -->    margin: 40px auto;<!-- [et_pb_line_break_holder] -->  }<!-- [et_pb_line_break_holder] --><!-- [et_pb_line_break_holder] -->  .slide-box {<!-- [et_pb_line_break_holder] -->    background: #fff;<!-- [et_pb_line_break_holder] -->    border-radius: 12px;<!-- [et_pb_line_break_holder] -->    box-shadow: 0 4px 12px rgba(0,0,0,0.1);<!-- [et_pb_line_break_holder] -->    width: 100%;<!-- [et_pb_line_break_holder] -->    display: flex;<!-- [et_pb_line_break_holder] -->    justify-content: center;<!-- [et_pb_line_break_holder] -->    align-items: center;<!-- [et_pb_line_break_holder] -->    padding: 20px;<!-- [et_pb_line_break_holder] -->  }<!-- [et_pb_line_break_holder] --><!-- [et_pb_line_break_holder] -->  .slide-box img {<!-- [et_pb_line_break_holder] -->    max-width: 100%;<!-- [et_pb_line_break_holder] -->    max-height: 150px;<!-- [et_pb_line_break_holder] -->    object-fit: contain;<!-- [et_pb_line_break_holder] -->    display: block;<!-- [et_pb_line_break_holder] -->  }<!-- [et_pb_line_break_holder] --><!-- [et_pb_line_break_holder] -->  .arrow {<!-- [et_pb_line_break_holder] -->    background: none;<!-- [et_pb_line_break_holder] -->    border: none;<!-- [et_pb_line_break_holder] -->    font-size: 32px;<!-- [et_pb_line_break_holder] -->    cursor: pointer;<!-- [et_pb_line_break_holder] -->    color: #0025a8;<!-- [et_pb_line_break_holder] -->    font-weight: bold;<!-- [et_pb_line_break_holder] -->    padding: 10px;<!-- [et_pb_line_break_holder] -->    transition: color 0.3s;<!-- [et_pb_line_break_holder] -->  }<!-- [et_pb_line_break_holder] --><!-- [et_pb_line_break_holder] -->  .arrow:hover {<!-- [et_pb_line_break_holder] -->    color: #007BFF;<!-- [et_pb_line_break_holder] -->  }<!-- [et_pb_line_break_holder] --><!-- [et_pb_line_break_holder] -->  @media (max-width: 480px) {<!-- [et_pb_line_break_holder] -->    .slide-box { padding: 15px; }<!-- [et_pb_line_break_holder] -->    .slide-box img { max-height: 100px; }<!-- [et_pb_line_break_holder] -->    .arrow { font-size: 24px; }<!-- [et_pb_line_break_holder] -->  }<!-- [et_pb_line_break_holder] --><\/style>\n<p><!-- [et_pb_line_break_holder] --><!-- [et_pb_line_break_holder] --><script><!-- [et_pb_line_break_holder] -->  const slides = [<!-- [et_pb_line_break_holder] -->    { src: \"https:\/\/soflab.pl\/wp-content\/uploads\/2025\/11\/dynatrace.png\", link: \"https:\/\/soflab.pl\/en\/dynatrace\/\" },<!-- [et_pb_line_break_holder] -->    { src: \"https:\/\/soflab.pl\/wp-content\/uploads\/2025\/11\/tricentis.png\", link: \"https:\/\/soflab.pl\/en\/tricentis\/\" },<!-- [et_pb_line_break_holder] -->    { src: \"https:\/\/soflab.pl\/wp-content\/uploads\/2025\/11\/atlassian.png\", link: \"https:\/\/soflab.pl\/en\/atlassian\/\" },<!-- [et_pb_line_break_holder] -->    { src: \"https:\/\/soflab.pl\/wp-content\/uploads\/2025\/11\/beta-systems.png\", link: \"https:\/\/soflab.pl\/en\/infinitedata\/\" },<!-- [et_pb_line_break_holder] -->    { src: \"https:\/\/soflab.pl\/wp-content\/uploads\/2025\/11\/smartbear.png\", link: \"https:\/\/soflab.pl\/en\/smartbear\/\" },<!-- [et_pb_line_break_holder] -->    { src: \"https:\/\/soflab.pl\/wp-content\/uploads\/2025\/11\/ranorex.png\", link: \"https:\/\/soflab.pl\/en\/ranorex\/\" }<!-- [et_pb_line_break_holder] -->  ];<!-- [et_pb_line_break_holder] --><!-- [et_pb_line_break_holder] -->  let index = 0;<!-- [et_pb_line_break_holder] -->  const slideLink = document.querySelector('.slide-box a');<!-- [et_pb_line_break_holder] -->  const slideImg = slideLink.querySelector('img');<!-- [et_pb_line_break_holder] -->  const prev = document.querySelector('.arrow-left');<!-- [et_pb_line_break_holder] -->  const next = document.querySelector('.arrow-right');<!-- [et_pb_line_break_holder] --><!-- [et_pb_line_break_holder] -->  function showSlide(i) {<!-- [et_pb_line_break_holder] -->    if (i < 0) index = slides.length - 1;<!-- [et_pb_line_break_holder] -->    else if (i >= slides.length) index = 0;<!-- [et_pb_line_break_holder] -->    else index = i;<!-- [et_pb_line_break_holder] --><!-- [et_pb_line_break_holder] -->    slideImg.src = slides[index].src;<!-- [et_pb_line_break_holder] -->    slideLink.href = slides[index].link;<!-- [et_pb_line_break_holder] -->  }<!-- [et_pb_line_break_holder] --><!-- [et_pb_line_break_holder] -->  prev.addEventListener('click', () => showSlide(index - 1));<!-- [et_pb_line_break_holder] -->  next.addEventListener('click', () => showSlide(index + 1));<!-- [et_pb_line_break_holder] --><\/script><!-- [et_pb_line_break_holder] -->[\/et_pb_code][\/et_pb_column][\/et_pb_row][\/et_pb_section]<\/p>\n","protected":false},"excerpt":{"rendered":"<p>Partnerships and Essential Technology Tools<\/p>\n","protected":false},"author":23,"featured_media":0,"parent":0,"menu_order":0,"comment_status":"closed","ping_status":"closed","template":"","meta":{"_et_pb_use_builder":"on","_et_pb_old_content":"","_et_gb_content_width":"","footnotes":""},"class_list":["post-5383","page","type-page","status-publish","hentry"],"yoast_head":"<!-- This site is optimized with the Yoast SEO plugin v27.4 - https:\/\/yoast.com\/product\/yoast-seo-wordpress\/ -->\n<title>PARTNERS | Soflab Technology<\/title>\n<meta name=\"description\" content=\"Soflab to firma zajmuj\u0105ca si\u0119 przeprowadzaniem profesjonalnych test\u00f3w oprogramowania i zapewnieniem jako\u015bci system\u00f3w. Wybierz us\u0142ugi najlepszej jako\u015bci!\" \/>\n<meta name=\"robots\" content=\"index, follow, max-snippet:-1, max-image-preview:large, max-video-preview:-1\" \/>\n<link rel=\"canonical\" href=\"https:\/\/soflab.pl\/en\/partners-2\/\" \/>\n<meta property=\"og:locale\" content=\"en_US\" \/>\n<meta property=\"og:type\" content=\"article\" \/>\n<meta property=\"og:title\" content=\"PARTNERS | Soflab Technology\" \/>\n<meta property=\"og:description\" content=\"Soflab to firma zajmuj\u0105ca si\u0119 przeprowadzaniem profesjonalnych test\u00f3w oprogramowania i zapewnieniem jako\u015bci system\u00f3w. Wybierz us\u0142ugi najlepszej jako\u015bci!\" \/>\n<meta property=\"og:url\" content=\"https:\/\/soflab.pl\/en\/partners-2\/\" \/>\n<meta property=\"og:site_name\" content=\"Soflab\" \/>\n<meta property=\"article:publisher\" content=\"https:\/\/www.facebook.com\/SoflabTechnology\" \/>\n<meta property=\"article:modified_time\" content=\"2025-12-03T14:54:00+00:00\" \/>\n<meta property=\"og:image\" content=\"https:\/\/soflab.pl\/wp-content\/uploads\/2025\/11\/dynatrace.png\" \/>\n<meta name=\"twitter:card\" content=\"summary_large_image\" \/>\n<meta name=\"twitter:label1\" content=\"Est. reading time\" \/>\n\t<meta name=\"twitter:data1\" content=\"2 minutes\" \/>\n<script type=\"application\/ld+json\" class=\"yoast-schema-graph\">{\"@context\":\"https:\\\/\\\/schema.org\",\"@graph\":[{\"@type\":\"WebPage\",\"@id\":\"https:\\\/\\\/soflab.pl\\\/en\\\/partners-2\\\/\",\"url\":\"https:\\\/\\\/soflab.pl\\\/en\\\/partners-2\\\/\",\"name\":\"PARTNERS | Soflab Technology\",\"isPartOf\":{\"@id\":\"https:\\\/\\\/soflab.pl\\\/en\\\/#website\"},\"primaryImageOfPage\":{\"@id\":\"https:\\\/\\\/soflab.pl\\\/en\\\/partners-2\\\/#primaryimage\"},\"image\":{\"@id\":\"https:\\\/\\\/soflab.pl\\\/en\\\/partners-2\\\/#primaryimage\"},\"thumbnailUrl\":\"https:\\\/\\\/soflab.pl\\\/wp-content\\\/uploads\\\/2025\\\/11\\\/dynatrace.png\",\"datePublished\":\"2021-08-18T08:27:09+00:00\",\"dateModified\":\"2025-12-03T14:54:00+00:00\",\"description\":\"Soflab to firma zajmuj\u0105ca si\u0119 przeprowadzaniem profesjonalnych test\u00f3w oprogramowania i zapewnieniem jako\u015bci system\u00f3w. Wybierz us\u0142ugi najlepszej jako\u015bci!\",\"breadcrumb\":{\"@id\":\"https:\\\/\\\/soflab.pl\\\/en\\\/partners-2\\\/#breadcrumb\"},\"inLanguage\":\"en-US\",\"potentialAction\":[{\"@type\":\"ReadAction\",\"target\":[\"https:\\\/\\\/soflab.pl\\\/en\\\/partners-2\\\/\"]}]},{\"@type\":\"ImageObject\",\"inLanguage\":\"en-US\",\"@id\":\"https:\\\/\\\/soflab.pl\\\/en\\\/partners-2\\\/#primaryimage\",\"url\":\"https:\\\/\\\/soflab.pl\\\/wp-content\\\/uploads\\\/2025\\\/11\\\/dynatrace.png\",\"contentUrl\":\"https:\\\/\\\/soflab.pl\\\/wp-content\\\/uploads\\\/2025\\\/11\\\/dynatrace.png\"},{\"@type\":\"BreadcrumbList\",\"@id\":\"https:\\\/\\\/soflab.pl\\\/en\\\/partners-2\\\/#breadcrumb\",\"itemListElement\":[{\"@type\":\"ListItem\",\"position\":1,\"name\":\"Strona g\u0142\u00f3wna\",\"item\":\"https:\\\/\\\/soflab.pl\\\/en\\\/\"},{\"@type\":\"ListItem\",\"position\":2,\"name\":\"PARTNERS\"}]},{\"@type\":\"WebSite\",\"@id\":\"https:\\\/\\\/soflab.pl\\\/en\\\/#website\",\"url\":\"https:\\\/\\\/soflab.pl\\\/en\\\/\",\"name\":\"Soflab\",\"description\":\"Soflab QA &amp; Testing\",\"publisher\":{\"@id\":\"https:\\\/\\\/soflab.pl\\\/en\\\/#organization\"},\"potentialAction\":[{\"@type\":\"SearchAction\",\"target\":{\"@type\":\"EntryPoint\",\"urlTemplate\":\"https:\\\/\\\/soflab.pl\\\/en\\\/?s={search_term_string}\"},\"query-input\":{\"@type\":\"PropertyValueSpecification\",\"valueRequired\":true,\"valueName\":\"search_term_string\"}}],\"inLanguage\":\"en-US\"},{\"@type\":\"Organization\",\"@id\":\"https:\\\/\\\/soflab.pl\\\/en\\\/#organization\",\"name\":\"Soflab\",\"url\":\"https:\\\/\\\/soflab.pl\\\/en\\\/\",\"logo\":{\"@type\":\"ImageObject\",\"inLanguage\":\"en-US\",\"@id\":\"https:\\\/\\\/soflab.pl\\\/en\\\/#\\\/schema\\\/logo\\\/image\\\/\",\"url\":\"https:\\\/\\\/soflab.pl\\\/wp-content\\\/uploads\\\/2021\\\/08\\\/logo-soflab.png\",\"contentUrl\":\"https:\\\/\\\/soflab.pl\\\/wp-content\\\/uploads\\\/2021\\\/08\\\/logo-soflab.png\",\"width\":171,\"height\":35,\"caption\":\"Soflab\"},\"image\":{\"@id\":\"https:\\\/\\\/soflab.pl\\\/en\\\/#\\\/schema\\\/logo\\\/image\\\/\"},\"sameAs\":[\"https:\\\/\\\/www.facebook.com\\\/SoflabTechnology\",\"https:\\\/\\\/www.linkedin.com\\\/company\\\/soflab-technology-sp--z-o-o-\"]}]}<\/script>\n<!-- \/ Yoast SEO plugin. -->","yoast_head_json":{"title":"PARTNERS | Soflab Technology","description":"Soflab to firma zajmuj\u0105ca si\u0119 przeprowadzaniem profesjonalnych test\u00f3w oprogramowania i zapewnieniem jako\u015bci system\u00f3w. Wybierz us\u0142ugi najlepszej jako\u015bci!","robots":{"index":"index","follow":"follow","max-snippet":"max-snippet:-1","max-image-preview":"max-image-preview:large","max-video-preview":"max-video-preview:-1"},"canonical":"https:\/\/soflab.pl\/en\/partners-2\/","og_locale":"en_US","og_type":"article","og_title":"PARTNERS | Soflab Technology","og_description":"Soflab to firma zajmuj\u0105ca si\u0119 przeprowadzaniem profesjonalnych test\u00f3w oprogramowania i zapewnieniem jako\u015bci system\u00f3w. Wybierz us\u0142ugi najlepszej jako\u015bci!","og_url":"https:\/\/soflab.pl\/en\/partners-2\/","og_site_name":"Soflab","article_publisher":"https:\/\/www.facebook.com\/SoflabTechnology","article_modified_time":"2025-12-03T14:54:00+00:00","og_image":[{"url":"https:\/\/soflab.pl\/wp-content\/uploads\/2025\/11\/dynatrace.png","type":"","width":"","height":""}],"twitter_card":"summary_large_image","twitter_misc":{"Est. reading time":"2 minutes"},"schema":{"@context":"https:\/\/schema.org","@graph":[{"@type":"WebPage","@id":"https:\/\/soflab.pl\/en\/partners-2\/","url":"https:\/\/soflab.pl\/en\/partners-2\/","name":"PARTNERS | Soflab Technology","isPartOf":{"@id":"https:\/\/soflab.pl\/en\/#website"},"primaryImageOfPage":{"@id":"https:\/\/soflab.pl\/en\/partners-2\/#primaryimage"},"image":{"@id":"https:\/\/soflab.pl\/en\/partners-2\/#primaryimage"},"thumbnailUrl":"https:\/\/soflab.pl\/wp-content\/uploads\/2025\/11\/dynatrace.png","datePublished":"2021-08-18T08:27:09+00:00","dateModified":"2025-12-03T14:54:00+00:00","description":"Soflab to firma zajmuj\u0105ca si\u0119 przeprowadzaniem profesjonalnych test\u00f3w oprogramowania i zapewnieniem jako\u015bci system\u00f3w. Wybierz us\u0142ugi najlepszej jako\u015bci!","breadcrumb":{"@id":"https:\/\/soflab.pl\/en\/partners-2\/#breadcrumb"},"inLanguage":"en-US","potentialAction":[{"@type":"ReadAction","target":["https:\/\/soflab.pl\/en\/partners-2\/"]}]},{"@type":"ImageObject","inLanguage":"en-US","@id":"https:\/\/soflab.pl\/en\/partners-2\/#primaryimage","url":"https:\/\/soflab.pl\/wp-content\/uploads\/2025\/11\/dynatrace.png","contentUrl":"https:\/\/soflab.pl\/wp-content\/uploads\/2025\/11\/dynatrace.png"},{"@type":"BreadcrumbList","@id":"https:\/\/soflab.pl\/en\/partners-2\/#breadcrumb","itemListElement":[{"@type":"ListItem","position":1,"name":"Strona g\u0142\u00f3wna","item":"https:\/\/soflab.pl\/en\/"},{"@type":"ListItem","position":2,"name":"PARTNERS"}]},{"@type":"WebSite","@id":"https:\/\/soflab.pl\/en\/#website","url":"https:\/\/soflab.pl\/en\/","name":"Soflab","description":"Soflab QA &amp; Testing","publisher":{"@id":"https:\/\/soflab.pl\/en\/#organization"},"potentialAction":[{"@type":"SearchAction","target":{"@type":"EntryPoint","urlTemplate":"https:\/\/soflab.pl\/en\/?s={search_term_string}"},"query-input":{"@type":"PropertyValueSpecification","valueRequired":true,"valueName":"search_term_string"}}],"inLanguage":"en-US"},{"@type":"Organization","@id":"https:\/\/soflab.pl\/en\/#organization","name":"Soflab","url":"https:\/\/soflab.pl\/en\/","logo":{"@type":"ImageObject","inLanguage":"en-US","@id":"https:\/\/soflab.pl\/en\/#\/schema\/logo\/image\/","url":"https:\/\/soflab.pl\/wp-content\/uploads\/2021\/08\/logo-soflab.png","contentUrl":"https:\/\/soflab.pl\/wp-content\/uploads\/2021\/08\/logo-soflab.png","width":171,"height":35,"caption":"Soflab"},"image":{"@id":"https:\/\/soflab.pl\/en\/#\/schema\/logo\/image\/"},"sameAs":["https:\/\/www.facebook.com\/SoflabTechnology","https:\/\/www.linkedin.com\/company\/soflab-technology-sp--z-o-o-"]}]}},"_links":{"self":[{"href":"https:\/\/soflab.pl\/en\/wp-json\/wp\/v2\/pages\/5383","targetHints":{"allow":["GET"]}}],"collection":[{"href":"https:\/\/soflab.pl\/en\/wp-json\/wp\/v2\/pages"}],"about":[{"href":"https:\/\/soflab.pl\/en\/wp-json\/wp\/v2\/types\/page"}],"author":[{"embeddable":true,"href":"https:\/\/soflab.pl\/en\/wp-json\/wp\/v2\/users\/23"}],"replies":[{"embeddable":true,"href":"https:\/\/soflab.pl\/en\/wp-json\/wp\/v2\/comments?post=5383"}],"version-history":[{"count":19,"href":"https:\/\/soflab.pl\/en\/wp-json\/wp\/v2\/pages\/5383\/revisions"}],"predecessor-version":[{"id":247932,"href":"https:\/\/soflab.pl\/en\/wp-json\/wp\/v2\/pages\/5383\/revisions\/247932"}],"wp:attachment":[{"href":"https:\/\/soflab.pl\/en\/wp-json\/wp\/v2\/media?parent=5383"}],"curies":[{"name":"wp","href":"https:\/\/api.w.org\/{rel}","templated":true}]}}